{"id":195,"date":"2022-01-07T15:30:09","date_gmt":"2022-01-07T14:30:09","guid":{"rendered":"http:\/\/reseau-rouviere.com\/?page_id=195"},"modified":"2023-02-22T09:19:57","modified_gmt":"2023-02-22T08:19:57","slug":"droit-des-procedures-collectives","status":"publish","type":"page","link":"https:\/\/reseau-rouviere.com\/index.php\/droit-des-procedures-collectives\/","title":{"rendered":"Droit des proc\u00e9dures collectives"},"content":{"rendered":"<p>[et_pb_section fb_built=&#8221;1&#8243; _builder_version=&#8221;4.9.11&#8243; _module_preset=&#8221;default&#8221; custom_padding=&#8221;||2px|||&#8221; global_colors_info=&#8221;{}&#8221;][et_pb_row column_structure=&#8221;1_2,1_4,1_4&#8243; _builder_version=&#8221;4.9.11&#8243; _module_preset=&#8221;default&#8221; custom_margin=&#8221;-55px|auto||auto||&#8221; global_colors_info=&#8221;{}&#8221;][et_pb_column type=&#8221;1_2&#8243; _builder_version=&#8221;4.9.11&#8243; _module_preset=&#8221;default&#8221; global_colors_info=&#8221;{}&#8221;][et_pb_image src=&#8221;http:\/\/reseau-rouviere.com\/wp-content\/uploads\/2021\/11\/Logo-Re\u0301seau_Rouvie\u0300re_Bleu.png&#8221; title_text=&#8221;Logo-Re\u0301seau_Rouvie\u0300re_Bleu&#8221; align=&#8221;center&#8221; _builder_version=&#8221;4.9.11&#8243; _module_preset=&#8221;default&#8221; width=&#8221;60%&#8221; module_alignment=&#8221;center&#8221; global_colors_info=&#8221;{}&#8221;][\/et_pb_image][\/et_pb_column][et_pb_column type=&#8221;1_4&#8243; _builder_version=&#8221;4.9.11&#8243; _module_preset=&#8221;default&#8221; global_colors_info=&#8221;{}&#8221;][et_pb_text _builder_version=&#8221;4.9.11&#8243; _module_preset=&#8221;default&#8221; text_font=&#8221;Roboto Slab|300|||||||&#8221; text_text_color=&#8221;#b89b5d&#8221; text_font_size=&#8221;20px&#8221; module_alignment=&#8221;left&#8221; custom_margin=&#8221;|133px|12px|-17px|false|false&#8221; custom_padding=&#8221;|0px|||false|false&#8221; global_colors_info=&#8221;{}&#8221;]<\/p>\n<p>Contact<\/p>\n<p>[\/et_pb_text][et_pb_text _builder_version=&#8221;4.14.8&#8243; _module_preset=&#8221;default&#8221; text_font=&#8221;Roboto Slab||||||||&#8221; text_text_color=&#8221;rgba(0,0,0,0.43)&#8221; text_font_size=&#8221;18px&#8221; text_line_height=&#8221;1em&#8221; custom_margin=&#8221;|||-18px||&#8221; global_colors_info=&#8221;{}&#8221;]<\/p>\n<p><span>04 91 55 02 12<\/span><\/p>\n<p>[\/et_pb_text][\/et_pb_column][et_pb_column type=&#8221;1_4&#8243; _builder_version=&#8221;4.9.11&#8243; _module_preset=&#8221;default&#8221; global_colors_info=&#8221;{}&#8221;][et_pb_text _builder_version=&#8221;4.9.11&#8243; _module_preset=&#8221;default&#8221; text_font=&#8221;Roboto Slab|300|||||||&#8221; text_text_color=&#8221;#b89b5d&#8221; text_font_size=&#8221;20px&#8221; transform_translate=&#8221;-104px|0px&#8221; transform_translate_linked=&#8221;off&#8221; custom_margin=&#8221;||8px|-27px||&#8221; global_colors_info=&#8221;{}&#8221;]<\/p>\n<p>Email :<\/p>\n<p>[\/et_pb_text][et_pb_text _builder_version=&#8221;4.9.11&#8243; _module_preset=&#8221;default&#8221; text_font=&#8221;Roboto Slab||||||||&#8221; text_text_color=&#8221;rgba(0,0,0,0.43)&#8221; text_font_size=&#8221;17px&#8221; custom_margin=&#8221;|||-131px||&#8221; global_colors_info=&#8221;{}&#8221;]<\/p>\n<p>contact@reseau-rouviere.com<\/p>\n<p>[\/et_pb_text][\/et_pb_column][\/et_pb_row][\/et_pb_section][et_pb_section fb_built=&#8221;1&#8243; _builder_version=&#8221;4.9.11&#8243; _module_preset=&#8221;default&#8221; custom_padding=&#8221;0px|||||&#8221; global_colors_info=&#8221;{}&#8221;][et_pb_row _builder_version=&#8221;4.9.11&#8243; _module_preset=&#8221;default&#8221; custom_padding=&#8221;0px|||||&#8221; global_colors_info=&#8221;{}&#8221;][et_pb_column type=&#8221;4_4&#8243; _builder_version=&#8221;4.9.11&#8243; _module_preset=&#8221;default&#8221; global_colors_info=&#8221;{}&#8221;][et_pb_menu menu_style=&#8221;centered&#8221; _builder_version=&#8221;4.9.11&#8243; _module_preset=&#8221;default&#8221; menu_font=&#8221;Roboto Slab|300|||||||&#8221; menu_text_color=&#8221;#FFFFFF&#8221; menu_font_size=&#8221;16px&#8221; background_color=&#8221;#223555&#8243; width=&#8221;80%&#8221; module_alignment=&#8221;center&#8221; min_height=&#8221;100px&#8221; height=&#8221;95px&#8221; max_height=&#8221;308px&#8221; custom_padding=&#8221;31px|||||&#8221; global_colors_info=&#8221;{}&#8221;][\/et_pb_menu][\/et_pb_column][\/et_pb_row][\/et_pb_section][et_pb_section fb_built=&#8221;1&#8243; _builder_version=&#8221;4.9.11&#8243; _module_preset=&#8221;default&#8221; background_color=&#8221;rgba(34,53,85,0.59)&#8221; background_image=&#8221;http:\/\/reseau-rouviere.com\/wp-content\/uploads\/2022\/01\/MARS.png&#8221; parallax=&#8221;on&#8221; custom_margin=&#8221;-131px||8px|||&#8221; custom_padding=&#8221;72px||91px|||&#8221; global_colors_info=&#8221;{}&#8221;][et_pb_row _builder_version=&#8221;4.9.11&#8243; _module_preset=&#8221;default&#8221; custom_margin=&#8221;70px|auto||auto||&#8221; global_colors_info=&#8221;{}&#8221;][et_pb_column type=&#8221;4_4&#8243; _builder_version=&#8221;4.9.11&#8243; _module_preset=&#8221;default&#8221; global_colors_info=&#8221;{}&#8221;][et_pb_text _builder_version=&#8221;4.9.11&#8243; _module_preset=&#8221;default&#8221; text_font=&#8221;Roboto Slab||||||||&#8221; text_text_color=&#8221;#FFFFFF&#8221; text_font_size=&#8221;50px&#8221; custom_margin=&#8221;||38px|||&#8221; global_colors_info=&#8221;{}&#8221;]<\/p>\n<p style=\"text-align: center;\"><span>Droit des proc\u00e9dures collectives<\/span><\/p>\n<p>[\/et_pb_text][\/et_pb_column][\/et_pb_row][\/et_pb_section][et_pb_section fb_built=&#8221;1&#8243; _builder_version=&#8221;4.9.11&#8243; _module_preset=&#8221;default&#8221; locked=&#8221;off&#8221; global_colors_info=&#8221;{}&#8221;][et_pb_row column_structure=&#8221;2_3,1_3&#8243; _builder_version=&#8221;4.9.11&#8243; _module_preset=&#8221;default&#8221; global_colors_info=&#8221;{}&#8221;][et_pb_column type=&#8221;2_3&#8243; _builder_version=&#8221;4.9.11&#8243; _module_preset=&#8221;default&#8221; global_colors_info=&#8221;{}&#8221;][et_pb_image src=&#8221;http:\/\/reseau-rouviere.com\/wp-content\/uploads\/2023\/02\/CI-RESEAU-ROUVIERE5-1.png&#8221; title_text=&#8221;CI-RESEAU-ROUVIERE5&#8243; _builder_version=&#8221;4.14.8&#8243; _module_preset=&#8221;default&#8221; hover_enabled=&#8221;0&#8243; global_colors_info=&#8221;{}&#8221; sticky_enabled=&#8221;0&#8243;][\/et_pb_image][et_pb_text _builder_version=&#8221;4.14.8&#8243; _module_preset=&#8221;default&#8221; text_font=&#8221;Poppins|300|||||||&#8221; inline_fonts=&#8221;Poppins&#8221; global_colors_info=&#8221;{}&#8221;]<\/p>\n<p style=\"text-align: justify;\"><strong>L\u2019article L631-1 du code de commerce dispose\u00a0:<\/strong><\/p>\n<p style=\"text-align: justify;\">\u00ab\u00a0Il est institu\u00e9 une proc\u00e9dure de redressement judiciaire ouverte \u00e0 tout d\u00e9biteur mentionn\u00e9 aux articles\u00a0L. 631-2 ou L. 631-3\u00a0qui, dans l&#8217;impossibilit\u00e9 de faire face au passif exigible avec son actif disponible, est en cessation des paiements. Le d\u00e9biteur qui \u00e9tablit que les r\u00e9serves de cr\u00e9dit ou les moratoires dont il b\u00e9n\u00e9ficie de la part de ses cr\u00e9anciers lui permettent de faire face au passif exigible avec son actif disponible n&#8217;est pas en cessation des paiements.<\/p>\n<p style=\"text-align: justify;\">Cette condition s&#8217;appr\u00e9cie, s&#8217;il y a lieu, pour le seul patrimoine engag\u00e9 par l&#8217;activit\u00e9 ou les activit\u00e9s professionnelles.<\/p>\n<p style=\"text-align: justify;\">La proc\u00e9dure de redressement judiciaire est destin\u00e9e \u00e0 permettre la poursuite de l&#8217;activit\u00e9 de l&#8217;entreprise, le maintien de l&#8217;emploi et l&#8217;apurement du passif. Elle donne lieu \u00e0 un plan arr\u00eat\u00e9 par jugement \u00e0 l&#8217;issue d&#8217;une p\u00e9riode d&#8217;observation et, le cas \u00e9ch\u00e9ant, \u00e0 la constitution de classes de parties affect\u00e9es, conform\u00e9ment aux dispositions des articles\u00a0L. 626-29 et L. 626-30. La demande pr\u00e9vue au quatri\u00e8me alin\u00e9a de l&#8217;article L. 626-29 peut \u00eatre form\u00e9e par le d\u00e9biteur ou l&#8217;administrateur judiciaire.\u00a0\u00bb<\/p>\n<p style=\"text-align: justify;\"><strong>Ma\u00eetre CAMBIER vous accompagne dans le cadre\u00a0des demandes suivantes :<\/strong><\/p>\n<p style=\"text-align: justify;\">&#8211; proc\u00e9dure de sauvegarde\u00a0;<\/p>\n<p style=\"text-align: justify;\">&#8211; proc\u00e9dure de redressement judiciaire\u00a0;<\/p>\n<p style=\"text-align: justify;\">&#8211; proc\u00e9dure de liquidation judiciaire.<\/p>\n<p>[\/et_pb_text][\/et_pb_column][et_pb_column type=&#8221;1_3&#8243; _builder_version=&#8221;4.9.11&#8243; _module_preset=&#8221;default&#8221; global_colors_info=&#8221;{}&#8221;][et_pb_text _builder_version=&#8221;4.14.8&#8243; _dynamic_attributes=&#8221;link_option_url&#8221; _module_preset=&#8221;default&#8221; text_font=&#8221;Roboto Slab||||||||&#8221; text_text_color=&#8221;#b89b5e&#8221; text_orientation=&#8221;center&#8221; custom_margin=&#8221;0px||0px||false|false&#8221; custom_padding=&#8221;15px|5px|15px|5px|false|false&#8221; link_option_url=&#8221;@ET-DC@eyJkeW5hbWljIjp0cnVlLCJjb250ZW50IjoicG9zdF9saW5rX3VybF9wYWdlIiwic2V0dGluZ3MiOnsicG9zdF9pZCI6IjIxMyJ9fQ==@&#8221; border_width_all=&#8221;1px&#8221; border_color_all=&#8221;#b89b5e&#8221; global_colors_info=&#8221;{}&#8221;]<\/p>\n<p><span>Droit immobilier<\/span><\/p>\n<p>[\/et_pb_text][et_pb_text _builder_version=&#8221;4.14.8&#8243; _dynamic_attributes=&#8221;link_option_url&#8221; _module_preset=&#8221;default&#8221; text_font=&#8221;Roboto Slab||||||||&#8221; text_text_color=&#8221;#b89b5e&#8221; text_orientation=&#8221;center&#8221; custom_margin=&#8221;0px||0px||false|false&#8221; custom_padding=&#8221;15px|5px|15px|5px|false|false&#8221; link_option_url=&#8221;@ET-DC@eyJkeW5hbWljIjp0cnVlLCJjb250ZW50IjoicG9zdF9saW5rX3VybF9wYWdlIiwic2V0dGluZ3MiOnsicG9zdF9pZCI6IjIxNiJ9fQ==@&#8221; border_width_all=&#8221;1px&#8221; border_color_all=&#8221;#b89b5e&#8221; global_colors_info=&#8221;{}&#8221;]<\/p>\n<p><span>Droit des soci\u00e9t\u00e9s et des affaires<\/span><\/p>\n<p>[\/et_pb_text][et_pb_text _builder_version=&#8221;4.14.8&#8243; _dynamic_attributes=&#8221;link_option_url&#8221; _module_preset=&#8221;default&#8221; text_font=&#8221;Roboto Slab||||||||&#8221; text_text_color=&#8221;#b89b5e&#8221; text_orientation=&#8221;center&#8221; custom_margin=&#8221;0px||0px||false|false&#8221; custom_padding=&#8221;15px|5px|15px|5px|false|false&#8221; link_option_url=&#8221;@ET-DC@eyJkeW5hbWljIjp0cnVlLCJjb250ZW50IjoicG9zdF9saW5rX3VybF9wYWdlIiwic2V0dGluZ3MiOnsicG9zdF9pZCI6IjIyNSJ9fQ==@&#8221; border_width_all=&#8221;1px&#8221; border_color_all=&#8221;#b89b5e&#8221; global_colors_info=&#8221;{}&#8221;]<\/p>\n<p><span>Droit du travail<\/span><\/p>\n<p>[\/et_pb_text][et_pb_text _builder_version=&#8221;4.14.8&#8243; _dynamic_attributes=&#8221;link_option_url&#8221; _module_preset=&#8221;default&#8221; text_font=&#8221;Roboto Slab||||||||&#8221; text_text_color=&#8221;#b89b5e&#8221; text_orientation=&#8221;center&#8221; custom_margin=&#8221;0px||0px||false|false&#8221; custom_padding=&#8221;15px|5px|15px|5px|false|false&#8221; link_option_url=&#8221;@ET-DC@eyJkeW5hbWljIjp0cnVlLCJjb250ZW50IjoicG9zdF9saW5rX3VybF9wYWdlIiwic2V0dGluZ3MiOnsicG9zdF9pZCI6IjQxNiJ9fQ==@&#8221; border_width_all=&#8221;1px&#8221; border_color_all=&#8221;#b89b5e&#8221; global_colors_info=&#8221;{}&#8221;]<\/p>\n<p><span>Droit des baux commerciaux<\/span><\/p>\n<p>[\/et_pb_text][et_pb_text _builder_version=&#8221;4.14.8&#8243; _dynamic_attributes=&#8221;link_option_url&#8221; _module_preset=&#8221;default&#8221; text_font=&#8221;Roboto Slab||||||||&#8221; text_text_color=&#8221;#b89b5e&#8221; text_orientation=&#8221;center&#8221; custom_margin=&#8221;0px||0px||false|false&#8221; custom_padding=&#8221;15px|5px|15px|5px|false|false&#8221; link_option_url=&#8221;@ET-DC@eyJkeW5hbWljIjp0cnVlLCJjb250ZW50IjoicG9zdF9saW5rX3VybF9wYWdlIiwic2V0dGluZ3MiOnsicG9zdF9pZCI6IjIxOSJ9fQ==@&#8221; border_width_all=&#8221;1px&#8221; border_color_all=&#8221;#b89b5e&#8221; global_colors_info=&#8221;{}&#8221;]<\/p>\n<p>Droit bancaire<\/p>\n<p>[\/et_pb_text][et_pb_text _builder_version=&#8221;4.14.8&#8243; _dynamic_attributes=&#8221;link_option_url&#8221; _module_preset=&#8221;default&#8221; text_font=&#8221;Roboto Slab||||||||&#8221; text_text_color=&#8221;#b89b5e&#8221; text_orientation=&#8221;center&#8221; custom_margin=&#8221;0px||0px||false|false&#8221; custom_padding=&#8221;15px|5px|15px|5px|false|false&#8221; link_option_url=&#8221;@ET-DC@eyJkeW5hbWljIjp0cnVlLCJjb250ZW50IjoicG9zdF9saW5rX3VybF9wYWdlIiwic2V0dGluZ3MiOnsicG9zdF9pZCI6IjE5NSJ9fQ==@&#8221; border_width_all=&#8221;1px&#8221; border_color_all=&#8221;#b89b5e&#8221; global_colors_info=&#8221;{}&#8221;]<\/p>\n<p><span>Droit des proc\u00e9dures collectives<\/span><\/p>\n<p>[\/et_pb_text][et_pb_text _builder_version=&#8221;4.14.8&#8243; _dynamic_attributes=&#8221;link_option_url&#8221; _module_preset=&#8221;default&#8221; text_font=&#8221;Roboto Slab||||||||&#8221; text_text_color=&#8221;#b89b5e&#8221; text_orientation=&#8221;center&#8221; custom_margin=&#8221;0px||0px||false|false&#8221; custom_padding=&#8221;15px|5px|15px|5px|false|false&#8221; link_option_url=&#8221;@ET-DC@eyJkeW5hbWljIjp0cnVlLCJjb250ZW50IjoicG9zdF9saW5rX3VybF9wYWdlIiwic2V0dGluZ3MiOnsicG9zdF9pZCI6IjIyMiJ9fQ==@&#8221; border_width_all=&#8221;1px&#8221; border_color_all=&#8221;#b89b5e&#8221; global_colors_info=&#8221;{}&#8221;]<\/p>\n<p><span>Droit de la famille<\/span><\/p>\n<p>[\/et_pb_text][et_pb_text _builder_version=&#8221;4.14.8&#8243; _dynamic_attributes=&#8221;link_option_url&#8221; _module_preset=&#8221;default&#8221; text_font=&#8221;Roboto Slab||||||||&#8221; text_text_color=&#8221;#b89b5e&#8221; text_orientation=&#8221;center&#8221; custom_margin=&#8221;0px||0px||false|false&#8221; custom_padding=&#8221;15px|5px|15px|5px|false|false&#8221; link_option_url=&#8221;@ET-DC@eyJkeW5hbWljIjp0cnVlLCJjb250ZW50IjoicG9zdF9saW5rX3VybF9wYWdlIiwic2V0dGluZ3MiOnsicG9zdF9pZCI6IjE4NiJ9fQ==@&#8221; border_width_all=&#8221;1px&#8221; border_color_all=&#8221;#b89b5e&#8221; global_colors_info=&#8221;{}&#8221;]<\/p>\n<p><span>Responsabilit\u00e9 medicale<\/span><\/p>\n<p>[\/et_pb_text][et_pb_text _builder_version=&#8221;4.14.8&#8243; _dynamic_attributes=&#8221;link_option_url&#8221; _module_preset=&#8221;default&#8221; text_font=&#8221;Roboto Slab||||||||&#8221; text_text_color=&#8221;#b89b5e&#8221; text_orientation=&#8221;center&#8221; custom_margin=&#8221;0px||0px||false|false&#8221; custom_padding=&#8221;15px|5px|15px|5px|false|false&#8221; link_option_url=&#8221;@ET-DC@eyJkeW5hbWljIjp0cnVlLCJjb250ZW50IjoicG9zdF9saW5rX3VybF9wYWdlIiwic2V0dGluZ3MiOnsicG9zdF9pZCI6IjE5MSJ9fQ==@&#8221; border_width_all=&#8221;1px&#8221; border_color_all=&#8221;#b89b5e&#8221; global_colors_info=&#8221;{}&#8221;]<\/p>\n<p><span>Accident de la circulation et de la vie<\/span><\/p>\n<p>[\/et_pb_text][et_pb_text _builder_version=&#8221;4.14.8&#8243; _dynamic_attributes=&#8221;link_option_url&#8221; _module_preset=&#8221;default&#8221; text_font=&#8221;Roboto Slab||||||||&#8221; text_text_color=&#8221;#b89b5e&#8221; text_orientation=&#8221;center&#8221; custom_margin=&#8221;0px||0px||false|false&#8221; custom_padding=&#8221;15px|5px|15px|5px|false|false&#8221; link_option_url=&#8221;@ET-DC@eyJkeW5hbWljIjp0cnVlLCJjb250ZW50IjoicG9zdF9saW5rX3VybF9wYWdlIiwic2V0dGluZ3MiOnsicG9zdF9pZCI6IjIxMCJ9fQ==@&#8221; border_width_all=&#8221;1px&#8221; border_color_all=&#8221;#b89b5e&#8221; global_colors_info=&#8221;{}&#8221;]<\/p>\n<p><span>Droit p\u00e9nal g\u00e9n\u00e9ral et des affaires<\/span><\/p>\n<p>[\/et_pb_text][et_pb_text _builder_version=&#8221;4.14.8&#8243; _dynamic_attributes=&#8221;link_option_url&#8221; _module_preset=&#8221;default&#8221; text_font=&#8221;Roboto Slab||||||||&#8221; text_text_color=&#8221;#b89b5e&#8221; text_orientation=&#8221;center&#8221; custom_margin=&#8221;0px||0px||false|false&#8221; custom_padding=&#8221;15px|5px|15px|5px|false|false&#8221; link_option_url=&#8221;@ET-DC@eyJkeW5hbWljIjp0cnVlLCJjb250ZW50IjoicG9zdF9saW5rX3VybF9wYWdlIiwic2V0dGluZ3MiOnsicG9zdF9pZCI6IjE5OSJ9fQ==@&#8221; border_width_all=&#8221;1px&#8221; border_color_all=&#8221;#b89b5e&#8221; global_colors_info=&#8221;{}&#8221;]<\/p>\n<p><span>Droit public<\/span><\/p>\n<p>[\/et_pb_text][et_pb_text _builder_version=&#8221;4.14.8&#8243; _dynamic_attributes=&#8221;link_option_url&#8221; _module_preset=&#8221;default&#8221; text_font=&#8221;Roboto Slab||||||||&#8221; text_text_color=&#8221;#b89b5e&#8221; text_orientation=&#8221;center&#8221; custom_margin=&#8221;0px||0px||false|false&#8221; custom_padding=&#8221;15px|5px|15px|5px|false|false&#8221; link_option_url=&#8221;@ET-DC@eyJkeW5hbWljIjp0cnVlLCJjb250ZW50IjoicG9zdF9saW5rX3VybF9wYWdlIiwic2V0dGluZ3MiOnsicG9zdF9pZCI6IjIyOCJ9fQ==@&#8221; border_width_all=&#8221;1px&#8221; border_color_all=&#8221;#b89b5e&#8221; global_colors_info=&#8221;{}&#8221;]<\/p>\n<p><span>Droit des \u00e9trangers<\/span><\/p>\n<p>[\/et_pb_text][\/et_pb_column][\/et_pb_row][\/et_pb_section]<\/p>\n","protected":false},"excerpt":{"rendered":"<p>Contact04 91 55 02 12Email :contact@reseau-rouviere.comDroit des proc\u00e9dures collectivesL\u2019article L631-1 du code de commerce dispose\u00a0: \u00ab\u00a0Il est institu\u00e9 une proc\u00e9dure de redressement judiciaire ouverte \u00e0 tout d\u00e9biteur mentionn\u00e9 aux articles\u00a0L. 631-2 ou L. 631-3\u00a0qui, dans l&#8217;impossibilit\u00e9 de faire face au passif exigible avec son actif disponible, est en cessation des paiements. Le d\u00e9biteur qui \u00e9tablit [&hellip;]<\/p>\n","protected":false},"author":1,"featured_media":0,"parent":0,"menu_order":0,"comment_status":"closed","ping_status":"closed","template":"","meta":{"_et_pb_use_builder":"on","_et_pb_old_content":"","_et_gb_content_width":"","footnotes":""},"class_list":["post-195","page","type-page","status-publish","hentry"],"_links":{"self":[{"href":"https:\/\/reseau-rouviere.com\/index.php\/wp-json\/wp\/v2\/pages\/195","targetHints":{"allow":["GET"]}}],"collection":[{"href":"https:\/\/reseau-rouviere.com\/index.php\/wp-json\/wp\/v2\/pages"}],"about":[{"href":"https:\/\/reseau-rouviere.com\/index.php\/wp-json\/wp\/v2\/types\/page"}],"author":[{"embeddable":true,"href":"https:\/\/reseau-rouviere.com\/index.php\/wp-json\/wp\/v2\/users\/1"}],"replies":[{"embeddable":true,"href":"https:\/\/reseau-rouviere.com\/index.php\/wp-json\/wp\/v2\/comments?post=195"}],"version-history":[{"count":9,"href":"https:\/\/reseau-rouviere.com\/index.php\/wp-json\/wp\/v2\/pages\/195\/revisions"}],"predecessor-version":[{"id":534,"href":"https:\/\/reseau-rouviere.com\/index.php\/wp-json\/wp\/v2\/pages\/195\/revisions\/534"}],"wp:attachment":[{"href":"https:\/\/reseau-rouviere.com\/index.php\/wp-json\/wp\/v2\/media?parent=195"}],"curies":[{"name":"wp","href":"https:\/\/api.w.org\/{rel}","templated":true}]}}