{"id":210,"date":"2022-01-10T09:43:57","date_gmt":"2022-01-10T08:43:57","guid":{"rendered":"http:\/\/reseau-rouviere.com\/?page_id=210"},"modified":"2023-02-22T09:22:04","modified_gmt":"2023-02-22T08:22:04","slug":"droit-penal-general-et-des-affaires","status":"publish","type":"page","link":"https:\/\/reseau-rouviere.com\/index.php\/droit-penal-general-et-des-affaires\/","title":{"rendered":"Droit p\u00e9nal g\u00e9n\u00e9ral et des affaires"},"content":{"rendered":"<p>[et_pb_section fb_built=&#8221;1&#8243; _builder_version=&#8221;4.9.11&#8243; _module_preset=&#8221;default&#8221; custom_padding=&#8221;||2px|||&#8221; global_colors_info=&#8221;{}&#8221;][et_pb_row column_structure=&#8221;1_2,1_4,1_4&#8243; _builder_version=&#8221;4.9.11&#8243; _module_preset=&#8221;default&#8221; custom_margin=&#8221;-55px|auto||auto||&#8221; global_colors_info=&#8221;{}&#8221;][et_pb_column type=&#8221;1_2&#8243; _builder_version=&#8221;4.9.11&#8243; _module_preset=&#8221;default&#8221; global_colors_info=&#8221;{}&#8221;][et_pb_image src=&#8221;http:\/\/reseau-rouviere.com\/wp-content\/uploads\/2021\/11\/Logo-Re\u0301seau_Rouvie\u0300re_Bleu.png&#8221; title_text=&#8221;Logo-Re\u0301seau_Rouvie\u0300re_Bleu&#8221; align=&#8221;center&#8221; _builder_version=&#8221;4.9.11&#8243; _module_preset=&#8221;default&#8221; width=&#8221;60%&#8221; module_alignment=&#8221;center&#8221; global_colors_info=&#8221;{}&#8221;][\/et_pb_image][\/et_pb_column][et_pb_column type=&#8221;1_4&#8243; _builder_version=&#8221;4.9.11&#8243; _module_preset=&#8221;default&#8221; global_colors_info=&#8221;{}&#8221;][et_pb_text _builder_version=&#8221;4.9.11&#8243; _module_preset=&#8221;default&#8221; text_font=&#8221;Roboto Slab|300|||||||&#8221; text_text_color=&#8221;#b89b5d&#8221; text_font_size=&#8221;20px&#8221; module_alignment=&#8221;left&#8221; custom_margin=&#8221;|133px|12px|-17px|false|false&#8221; custom_padding=&#8221;|0px|||false|false&#8221; global_colors_info=&#8221;{}&#8221;]<\/p>\n<p>Contact<\/p>\n<p>[\/et_pb_text][et_pb_text _builder_version=&#8221;4.14.8&#8243; _module_preset=&#8221;default&#8221; text_font=&#8221;Roboto Slab||||||||&#8221; text_text_color=&#8221;rgba(0,0,0,0.43)&#8221; text_font_size=&#8221;18px&#8221; text_line_height=&#8221;1em&#8221; custom_margin=&#8221;|||-18px||&#8221; global_colors_info=&#8221;{}&#8221;]<\/p>\n<p><span>04 91 55 02 12<\/span><\/p>\n<p>[\/et_pb_text][\/et_pb_column][et_pb_column type=&#8221;1_4&#8243; _builder_version=&#8221;4.9.11&#8243; _module_preset=&#8221;default&#8221; global_colors_info=&#8221;{}&#8221;][et_pb_text _builder_version=&#8221;4.9.11&#8243; _module_preset=&#8221;default&#8221; text_font=&#8221;Roboto Slab|300|||||||&#8221; text_text_color=&#8221;#b89b5d&#8221; text_font_size=&#8221;20px&#8221; transform_translate=&#8221;-104px|0px&#8221; transform_translate_linked=&#8221;off&#8221; custom_margin=&#8221;||8px|-27px||&#8221; global_colors_info=&#8221;{}&#8221;]<\/p>\n<p>Email :<\/p>\n<p>[\/et_pb_text][et_pb_text _builder_version=&#8221;4.9.11&#8243; _module_preset=&#8221;default&#8221; text_font=&#8221;Roboto Slab||||||||&#8221; text_text_color=&#8221;rgba(0,0,0,0.43)&#8221; text_font_size=&#8221;17px&#8221; custom_margin=&#8221;|||-131px||&#8221; global_colors_info=&#8221;{}&#8221;]<\/p>\n<p>contact@reseau-rouviere.com<\/p>\n<p>[\/et_pb_text][\/et_pb_column][\/et_pb_row][\/et_pb_section][et_pb_section fb_built=&#8221;1&#8243; _builder_version=&#8221;4.9.11&#8243; _module_preset=&#8221;default&#8221; custom_padding=&#8221;0px|||||&#8221; global_colors_info=&#8221;{}&#8221;][et_pb_row _builder_version=&#8221;4.9.11&#8243; _module_preset=&#8221;default&#8221; custom_padding=&#8221;0px|||||&#8221; global_colors_info=&#8221;{}&#8221;][et_pb_column type=&#8221;4_4&#8243; _builder_version=&#8221;4.9.11&#8243; _module_preset=&#8221;default&#8221; global_colors_info=&#8221;{}&#8221;][et_pb_menu menu_style=&#8221;centered&#8221; _builder_version=&#8221;4.9.11&#8243; _module_preset=&#8221;default&#8221; menu_font=&#8221;Roboto Slab|300|||||||&#8221; menu_text_color=&#8221;#FFFFFF&#8221; menu_font_size=&#8221;16px&#8221; background_color=&#8221;#223555&#8243; width=&#8221;80%&#8221; module_alignment=&#8221;center&#8221; min_height=&#8221;100px&#8221; height=&#8221;95px&#8221; max_height=&#8221;308px&#8221; custom_padding=&#8221;31px|||||&#8221; global_colors_info=&#8221;{}&#8221;][\/et_pb_menu][\/et_pb_column][\/et_pb_row][\/et_pb_section][et_pb_section fb_built=&#8221;1&#8243; _builder_version=&#8221;4.9.11&#8243; _module_preset=&#8221;default&#8221; background_color=&#8221;rgba(34,53,85,0.59)&#8221; background_image=&#8221;http:\/\/reseau-rouviere.com\/wp-content\/uploads\/2022\/01\/MARS.png&#8221; parallax=&#8221;on&#8221; custom_margin=&#8221;-131px||8px|||&#8221; custom_padding=&#8221;72px||91px|||&#8221; global_colors_info=&#8221;{}&#8221;][et_pb_row _builder_version=&#8221;4.9.11&#8243; _module_preset=&#8221;default&#8221; custom_margin=&#8221;70px|auto||auto||&#8221; global_colors_info=&#8221;{}&#8221;][et_pb_column type=&#8221;4_4&#8243; _builder_version=&#8221;4.9.11&#8243; _module_preset=&#8221;default&#8221; global_colors_info=&#8221;{}&#8221;][et_pb_text _builder_version=&#8221;4.9.11&#8243; _module_preset=&#8221;default&#8221; text_font=&#8221;Roboto Slab||||||||&#8221; text_text_color=&#8221;#FFFFFF&#8221; text_font_size=&#8221;50px&#8221; custom_margin=&#8221;||38px|||&#8221; global_colors_info=&#8221;{}&#8221;]<\/p>\n<p style=\"text-align: center;\">Droit p\u00e9nal g\u00e9n\u00e9ral et des affaires<\/p>\n<p>[\/et_pb_text][\/et_pb_column][\/et_pb_row][\/et_pb_section][et_pb_section fb_built=&#8221;1&#8243; _builder_version=&#8221;4.9.11&#8243; _module_preset=&#8221;default&#8221; locked=&#8221;off&#8221; global_colors_info=&#8221;{}&#8221;][et_pb_row column_structure=&#8221;2_3,1_3&#8243; _builder_version=&#8221;4.9.11&#8243; _module_preset=&#8221;default&#8221; global_colors_info=&#8221;{}&#8221;][et_pb_column type=&#8221;2_3&#8243; _builder_version=&#8221;4.9.11&#8243; _module_preset=&#8221;default&#8221; global_colors_info=&#8221;{}&#8221;][et_pb_image src=&#8221;http:\/\/reseau-rouviere.com\/wp-content\/uploads\/2023\/02\/CI-RESEAU-ROUVIERE7-1.png&#8221; title_text=&#8221;CI-RESEAU-ROUVIERE7&#8243; _builder_version=&#8221;4.14.8&#8243; _module_preset=&#8221;default&#8221; hover_enabled=&#8221;0&#8243; global_colors_info=&#8221;{}&#8221; sticky_enabled=&#8221;0&#8243;][\/et_pb_image][et_pb_text _builder_version=&#8221;4.14.8&#8243; _module_preset=&#8221;default&#8221; text_font=&#8221;Poppins|300|||||||&#8221; inline_fonts=&#8221;Poppins&#8221; global_colors_info=&#8221;{}&#8221;]<\/p>\n<p>Ma\u00eetre Sophie PASTOR vous assiste que vous soyez victime ou pr\u00e9venu dans le cadre du contentieux relevant du\u00a0droit p\u00e9nal des affaires.<\/p>\n<p>Il s\u2019agit de l&#8217;ensemble des\u00a0r\u00e8gles de droit\u00a0concernant les\u00a0infractions\u00a0susceptibles d&#8217;intervenir dans la vie des\u00a0affaires, mais aussi de l&#8217;ensemble des r\u00e8gles \u00e9conomiques qui peuvent \u00eatre\u00a0sanctionn\u00e9es\u00a0p\u00e9nalement.<\/p>\n<p>Ainsi, le droit p\u00e9nal des affaires comprend des infractions de droit commun (<strong>vol, escroquerie, abus de confiance, corruption<\/strong>) et des infractions sp\u00e9cifiques en mati\u00e8re, notamment, de\u00a0:<\/p>\n<p>&nbsp;<\/p>\n<ul>\n<ul>\n<ul>\n<li>droit des soci\u00e9t\u00e9s (majoration des apports en nature,\u00a0<strong>abus de bien social<\/strong>, etc.)\u00a0;<\/li>\n<li>de <strong>droit de la concurrence<\/strong> (entente,\u00a0abus de position dominante, etc.)\u00a0;<\/li>\n<li>de droit de la consommation (publicit\u00e9 trompeuse)\u00a0;<\/li>\n<li>de droit boursier (d\u00e9lit d&#8217;initi\u00e9).<\/li>\n<\/ul>\n<\/ul>\n<\/ul>\n<p>[\/et_pb_text][\/et_pb_column][et_pb_column type=&#8221;1_3&#8243; _builder_version=&#8221;4.9.11&#8243; _module_preset=&#8221;default&#8221; global_colors_info=&#8221;{}&#8221;][et_pb_text _builder_version=&#8221;4.14.8&#8243; _dynamic_attributes=&#8221;link_option_url&#8221; _module_preset=&#8221;default&#8221; text_font=&#8221;Roboto Slab||||||||&#8221; text_text_color=&#8221;#b89b5e&#8221; text_orientation=&#8221;center&#8221; custom_margin=&#8221;0px||0px||false|false&#8221; custom_padding=&#8221;15px|5px|15px|5px|false|false&#8221; link_option_url=&#8221;@ET-DC@eyJkeW5hbWljIjp0cnVlLCJjb250ZW50IjoicG9zdF9saW5rX3VybF9wYWdlIiwic2V0dGluZ3MiOnsicG9zdF9pZCI6IjIxMyJ9fQ==@&#8221; border_width_all=&#8221;1px&#8221; border_color_all=&#8221;#b89b5e&#8221; global_colors_info=&#8221;{}&#8221;]<\/p>\n<p><span>Droit immobilier<\/span><\/p>\n<p>[\/et_pb_text][et_pb_text _builder_version=&#8221;4.14.8&#8243; _dynamic_attributes=&#8221;link_option_url&#8221; _module_preset=&#8221;default&#8221; text_font=&#8221;Roboto Slab||||||||&#8221; text_text_color=&#8221;#b89b5e&#8221; text_orientation=&#8221;center&#8221; custom_margin=&#8221;0px||0px||false|false&#8221; custom_padding=&#8221;15px|5px|15px|5px|false|false&#8221; link_option_url=&#8221;@ET-DC@eyJkeW5hbWljIjp0cnVlLCJjb250ZW50IjoicG9zdF9saW5rX3VybF9wYWdlIiwic2V0dGluZ3MiOnsicG9zdF9pZCI6IjIxNiJ9fQ==@&#8221; border_width_all=&#8221;1px&#8221; border_color_all=&#8221;#b89b5e&#8221; global_colors_info=&#8221;{}&#8221;]<\/p>\n<p><span>Droit des soci\u00e9t\u00e9s et des affaires<\/span><\/p>\n<p>[\/et_pb_text][et_pb_text _builder_version=&#8221;4.14.8&#8243; _dynamic_attributes=&#8221;link_option_url&#8221; _module_preset=&#8221;default&#8221; text_font=&#8221;Roboto Slab||||||||&#8221; text_text_color=&#8221;#b89b5e&#8221; text_orientation=&#8221;center&#8221; custom_margin=&#8221;0px||0px||false|false&#8221; custom_padding=&#8221;15px|5px|15px|5px|false|false&#8221; link_option_url=&#8221;@ET-DC@eyJkeW5hbWljIjp0cnVlLCJjb250ZW50IjoicG9zdF9saW5rX3VybF9wYWdlIiwic2V0dGluZ3MiOnsicG9zdF9pZCI6IjIyNSJ9fQ==@&#8221; border_width_all=&#8221;1px&#8221; border_color_all=&#8221;#b89b5e&#8221; global_colors_info=&#8221;{}&#8221;]<\/p>\n<p><span>Droit du travail<\/span><\/p>\n<p>[\/et_pb_text][et_pb_text _builder_version=&#8221;4.14.8&#8243; _dynamic_attributes=&#8221;link_option_url&#8221; _module_preset=&#8221;default&#8221; text_font=&#8221;Roboto Slab||||||||&#8221; text_text_color=&#8221;#b89b5e&#8221; text_orientation=&#8221;center&#8221; custom_margin=&#8221;0px||0px||false|false&#8221; custom_padding=&#8221;15px|5px|15px|5px|false|false&#8221; link_option_url=&#8221;@ET-DC@eyJkeW5hbWljIjp0cnVlLCJjb250ZW50IjoicG9zdF9saW5rX3VybF9wYWdlIiwic2V0dGluZ3MiOnsicG9zdF9pZCI6IjQxNiJ9fQ==@&#8221; border_width_all=&#8221;1px&#8221; border_color_all=&#8221;#b89b5e&#8221; global_colors_info=&#8221;{}&#8221;]<\/p>\n<p><span>Droit des baux commerciaux<\/span><\/p>\n<p>[\/et_pb_text][et_pb_text _builder_version=&#8221;4.14.8&#8243; _dynamic_attributes=&#8221;link_option_url&#8221; _module_preset=&#8221;default&#8221; text_font=&#8221;Roboto Slab||||||||&#8221; text_text_color=&#8221;#b89b5e&#8221; text_orientation=&#8221;center&#8221; custom_margin=&#8221;0px||0px||false|false&#8221; custom_padding=&#8221;15px|5px|15px|5px|false|false&#8221; link_option_url=&#8221;@ET-DC@eyJkeW5hbWljIjp0cnVlLCJjb250ZW50IjoicG9zdF9saW5rX3VybF9wYWdlIiwic2V0dGluZ3MiOnsicG9zdF9pZCI6IjIxOSJ9fQ==@&#8221; border_width_all=&#8221;1px&#8221; border_color_all=&#8221;#b89b5e&#8221; global_colors_info=&#8221;{}&#8221;]<\/p>\n<p>Droit bancaire<\/p>\n<p>[\/et_pb_text][et_pb_text _builder_version=&#8221;4.14.8&#8243; _dynamic_attributes=&#8221;link_option_url&#8221; _module_preset=&#8221;default&#8221; text_font=&#8221;Roboto Slab||||||||&#8221; text_text_color=&#8221;#b89b5e&#8221; text_orientation=&#8221;center&#8221; custom_margin=&#8221;0px||0px||false|false&#8221; custom_padding=&#8221;15px|5px|15px|5px|false|false&#8221; link_option_url=&#8221;@ET-DC@eyJkeW5hbWljIjp0cnVlLCJjb250ZW50IjoicG9zdF9saW5rX3VybF9wYWdlIiwic2V0dGluZ3MiOnsicG9zdF9pZCI6IjE5NSJ9fQ==@&#8221; border_width_all=&#8221;1px&#8221; border_color_all=&#8221;#b89b5e&#8221; global_colors_info=&#8221;{}&#8221;]<\/p>\n<p><span>Droit des proc\u00e9dures collectives<\/span><\/p>\n<p>[\/et_pb_text][et_pb_text _builder_version=&#8221;4.14.8&#8243; _dynamic_attributes=&#8221;link_option_url&#8221; _module_preset=&#8221;default&#8221; text_font=&#8221;Roboto Slab||||||||&#8221; text_text_color=&#8221;#b89b5e&#8221; text_orientation=&#8221;center&#8221; custom_margin=&#8221;0px||0px||false|false&#8221; custom_padding=&#8221;15px|5px|15px|5px|false|false&#8221; link_option_url=&#8221;@ET-DC@eyJkeW5hbWljIjp0cnVlLCJjb250ZW50IjoicG9zdF9saW5rX3VybF9wYWdlIiwic2V0dGluZ3MiOnsicG9zdF9pZCI6IjIyMiJ9fQ==@&#8221; border_width_all=&#8221;1px&#8221; border_color_all=&#8221;#b89b5e&#8221; global_colors_info=&#8221;{}&#8221;]<\/p>\n<p><span>Droit de la famille<\/span><\/p>\n<p>[\/et_pb_text][et_pb_text _builder_version=&#8221;4.14.8&#8243; _dynamic_attributes=&#8221;link_option_url&#8221; _module_preset=&#8221;default&#8221; text_font=&#8221;Roboto Slab||||||||&#8221; text_text_color=&#8221;#b89b5e&#8221; text_orientation=&#8221;center&#8221; custom_margin=&#8221;0px||0px||false|false&#8221; custom_padding=&#8221;15px|5px|15px|5px|false|false&#8221; link_option_url=&#8221;@ET-DC@eyJkeW5hbWljIjp0cnVlLCJjb250ZW50IjoicG9zdF9saW5rX3VybF9wYWdlIiwic2V0dGluZ3MiOnsicG9zdF9pZCI6IjE4NiJ9fQ==@&#8221; border_width_all=&#8221;1px&#8221; border_color_all=&#8221;#b89b5e&#8221; global_colors_info=&#8221;{}&#8221;]<\/p>\n<p><span>Responsabilit\u00e9 medicale<\/span><\/p>\n<p>[\/et_pb_text][et_pb_text _builder_version=&#8221;4.14.8&#8243; _dynamic_attributes=&#8221;link_option_url&#8221; _module_preset=&#8221;default&#8221; text_font=&#8221;Roboto Slab||||||||&#8221; text_text_color=&#8221;#b89b5e&#8221; text_orientation=&#8221;center&#8221; custom_margin=&#8221;0px||0px||false|false&#8221; custom_padding=&#8221;15px|5px|15px|5px|false|false&#8221; link_option_url=&#8221;@ET-DC@eyJkeW5hbWljIjp0cnVlLCJjb250ZW50IjoicG9zdF9saW5rX3VybF9wYWdlIiwic2V0dGluZ3MiOnsicG9zdF9pZCI6IjE5MSJ9fQ==@&#8221; border_width_all=&#8221;1px&#8221; border_color_all=&#8221;#b89b5e&#8221; global_colors_info=&#8221;{}&#8221;]<\/p>\n<p><span>Accident de la circulation et de la vie<\/span><\/p>\n<p>[\/et_pb_text][et_pb_text _builder_version=&#8221;4.14.8&#8243; _dynamic_attributes=&#8221;link_option_url&#8221; _module_preset=&#8221;default&#8221; text_font=&#8221;Roboto Slab||||||||&#8221; text_text_color=&#8221;#b89b5e&#8221; text_orientation=&#8221;center&#8221; custom_margin=&#8221;0px||0px||false|false&#8221; custom_padding=&#8221;15px|5px|15px|5px|false|false&#8221; link_option_url=&#8221;@ET-DC@eyJkeW5hbWljIjp0cnVlLCJjb250ZW50IjoicG9zdF9saW5rX3VybF9wYWdlIiwic2V0dGluZ3MiOnsicG9zdF9pZCI6IjIxMCJ9fQ==@&#8221; border_width_all=&#8221;1px&#8221; border_color_all=&#8221;#b89b5e&#8221; global_colors_info=&#8221;{}&#8221;]<\/p>\n<p><span>Droit p\u00e9nal g\u00e9n\u00e9ral et des affaires<\/span><\/p>\n<p>[\/et_pb_text][et_pb_text _builder_version=&#8221;4.14.8&#8243; _dynamic_attributes=&#8221;link_option_url&#8221; _module_preset=&#8221;default&#8221; text_font=&#8221;Roboto Slab||||||||&#8221; text_text_color=&#8221;#b89b5e&#8221; text_orientation=&#8221;center&#8221; custom_margin=&#8221;0px||0px||false|false&#8221; custom_padding=&#8221;15px|5px|15px|5px|false|false&#8221; link_option_url=&#8221;@ET-DC@eyJkeW5hbWljIjp0cnVlLCJjb250ZW50IjoicG9zdF9saW5rX3VybF9wYWdlIiwic2V0dGluZ3MiOnsicG9zdF9pZCI6IjE5OSJ9fQ==@&#8221; border_width_all=&#8221;1px&#8221; border_color_all=&#8221;#b89b5e&#8221; global_colors_info=&#8221;{}&#8221;]<\/p>\n<p><span>Droit public<\/span><\/p>\n<p>[\/et_pb_text][et_pb_text _builder_version=&#8221;4.14.8&#8243; _dynamic_attributes=&#8221;link_option_url&#8221; _module_preset=&#8221;default&#8221; text_font=&#8221;Roboto Slab||||||||&#8221; text_text_color=&#8221;#b89b5e&#8221; text_orientation=&#8221;center&#8221; custom_margin=&#8221;0px||0px||false|false&#8221; custom_padding=&#8221;15px|5px|15px|5px|false|false&#8221; link_option_url=&#8221;@ET-DC@eyJkeW5hbWljIjp0cnVlLCJjb250ZW50IjoicG9zdF9saW5rX3VybF9wYWdlIiwic2V0dGluZ3MiOnsicG9zdF9pZCI6IjIyOCJ9fQ==@&#8221; border_width_all=&#8221;1px&#8221; border_color_all=&#8221;#b89b5e&#8221; global_colors_info=&#8221;{}&#8221;]<\/p>\n<p><span>Droit des \u00e9trangers<\/span><\/p>\n<p>[\/et_pb_text][\/et_pb_column][\/et_pb_row][\/et_pb_section]<\/p>\n","protected":false},"excerpt":{"rendered":"<p>Contact04 91 55 02 12Email :contact@reseau-rouviere.comDroit p\u00e9nal g\u00e9n\u00e9ral et des affairesMa\u00eetre Sophie PASTOR vous assiste que vous soyez victime ou pr\u00e9venu dans le cadre du contentieux relevant du\u00a0droit p\u00e9nal des affaires. Il s\u2019agit de l&#8217;ensemble des\u00a0r\u00e8gles de droit\u00a0concernant les\u00a0infractions\u00a0susceptibles d&#8217;intervenir dans la vie des\u00a0affaires, mais aussi de l&#8217;ensemble des r\u00e8gles \u00e9conomiques qui peuvent \u00eatre\u00a0sanctionn\u00e9es\u00a0p\u00e9nalement. Ainsi, [&hellip;]<\/p>\n","protected":false},"author":1,"featured_media":0,"parent":0,"menu_order":0,"comment_status":"closed","ping_status":"closed","template":"","meta":{"_et_pb_use_builder":"on","_et_pb_old_content":"","_et_gb_content_width":"","footnotes":""},"class_list":["post-210","page","type-page","status-publish","hentry"],"_links":{"self":[{"href":"https:\/\/reseau-rouviere.com\/index.php\/wp-json\/wp\/v2\/pages\/210","targetHints":{"allow":["GET"]}}],"collection":[{"href":"https:\/\/reseau-rouviere.com\/index.php\/wp-json\/wp\/v2\/pages"}],"about":[{"href":"https:\/\/reseau-rouviere.com\/index.php\/wp-json\/wp\/v2\/types\/page"}],"author":[{"embeddable":true,"href":"https:\/\/reseau-rouviere.com\/index.php\/wp-json\/wp\/v2\/users\/1"}],"replies":[{"embeddable":true,"href":"https:\/\/reseau-rouviere.com\/index.php\/wp-json\/wp\/v2\/comments?post=210"}],"version-history":[{"count":9,"href":"https:\/\/reseau-rouviere.com\/index.php\/wp-json\/wp\/v2\/pages\/210\/revisions"}],"predecessor-version":[{"id":541,"href":"https:\/\/reseau-rouviere.com\/index.php\/wp-json\/wp\/v2\/pages\/210\/revisions\/541"}],"wp:attachment":[{"href":"https:\/\/reseau-rouviere.com\/index.php\/wp-json\/wp\/v2\/media?parent=210"}],"curies":[{"name":"wp","href":"https:\/\/api.w.org\/{rel}","templated":true}]}}