{"id":213,"date":"2022-01-10T10:42:12","date_gmt":"2022-01-10T09:42:12","guid":{"rendered":"http:\/\/reseau-rouviere.com\/?page_id=213"},"modified":"2023-02-22T09:17:20","modified_gmt":"2023-02-22T08:17:20","slug":"droit-immobilier","status":"publish","type":"page","link":"https:\/\/reseau-rouviere.com\/index.php\/droit-immobilier\/","title":{"rendered":"Droit immobilier"},"content":{"rendered":"<p>[et_pb_section fb_built=&#8221;1&#8243; _builder_version=&#8221;4.9.11&#8243; _module_preset=&#8221;default&#8221; custom_padding=&#8221;||2px|||&#8221; global_colors_info=&#8221;{}&#8221;][et_pb_row column_structure=&#8221;1_2,1_4,1_4&#8243; _builder_version=&#8221;4.9.11&#8243; _module_preset=&#8221;default&#8221; custom_margin=&#8221;-55px|auto||auto||&#8221; global_colors_info=&#8221;{}&#8221;][et_pb_column type=&#8221;1_2&#8243; _builder_version=&#8221;4.9.11&#8243; _module_preset=&#8221;default&#8221; global_colors_info=&#8221;{}&#8221;][et_pb_image src=&#8221;http:\/\/reseau-rouviere.com\/wp-content\/uploads\/2021\/11\/Logo-Re\u0301seau_Rouvie\u0300re_Bleu.png&#8221; title_text=&#8221;Logo-Re\u0301seau_Rouvie\u0300re_Bleu&#8221; align=&#8221;center&#8221; _builder_version=&#8221;4.9.11&#8243; _module_preset=&#8221;default&#8221; width=&#8221;60%&#8221; module_alignment=&#8221;center&#8221; global_colors_info=&#8221;{}&#8221;][\/et_pb_image][\/et_pb_column][et_pb_column type=&#8221;1_4&#8243; _builder_version=&#8221;4.9.11&#8243; _module_preset=&#8221;default&#8221; global_colors_info=&#8221;{}&#8221;][et_pb_text _builder_version=&#8221;4.9.11&#8243; _module_preset=&#8221;default&#8221; text_font=&#8221;Roboto Slab|300|||||||&#8221; text_text_color=&#8221;#b89b5d&#8221; text_font_size=&#8221;20px&#8221; module_alignment=&#8221;left&#8221; custom_margin=&#8221;|133px|12px|-17px|false|false&#8221; custom_padding=&#8221;|0px|||false|false&#8221; global_colors_info=&#8221;{}&#8221;]<\/p>\n<p>Contact<\/p>\n<p>[\/et_pb_text][et_pb_text _builder_version=&#8221;4.14.8&#8243; _module_preset=&#8221;default&#8221; text_font=&#8221;Roboto Slab||||||||&#8221; text_text_color=&#8221;rgba(0,0,0,0.43)&#8221; text_font_size=&#8221;18px&#8221; text_line_height=&#8221;1em&#8221; custom_margin=&#8221;|||-18px||&#8221; global_colors_info=&#8221;{}&#8221;]<\/p>\n<p><span>04 91 55 02 12<\/span><\/p>\n<p>[\/et_pb_text][\/et_pb_column][et_pb_column type=&#8221;1_4&#8243; _builder_version=&#8221;4.9.11&#8243; _module_preset=&#8221;default&#8221; global_colors_info=&#8221;{}&#8221;][et_pb_text _builder_version=&#8221;4.9.11&#8243; _module_preset=&#8221;default&#8221; text_font=&#8221;Roboto Slab|300|||||||&#8221; text_text_color=&#8221;#b89b5d&#8221; text_font_size=&#8221;20px&#8221; transform_translate=&#8221;-104px|0px&#8221; transform_translate_linked=&#8221;off&#8221; custom_margin=&#8221;||8px|-27px||&#8221; global_colors_info=&#8221;{}&#8221;]<\/p>\n<p>Email :<\/p>\n<p>[\/et_pb_text][et_pb_text _builder_version=&#8221;4.9.11&#8243; _module_preset=&#8221;default&#8221; text_font=&#8221;Roboto Slab||||||||&#8221; text_text_color=&#8221;rgba(0,0,0,0.43)&#8221; text_font_size=&#8221;17px&#8221; custom_margin=&#8221;|||-131px||&#8221; global_colors_info=&#8221;{}&#8221;]<\/p>\n<p>contact@reseau-rouviere.com<\/p>\n<p>[\/et_pb_text][\/et_pb_column][\/et_pb_row][\/et_pb_section][et_pb_section fb_built=&#8221;1&#8243; _builder_version=&#8221;4.9.11&#8243; _module_preset=&#8221;default&#8221; custom_padding=&#8221;0px|||||&#8221; global_colors_info=&#8221;{}&#8221;][et_pb_row _builder_version=&#8221;4.9.11&#8243; _module_preset=&#8221;default&#8221; custom_padding=&#8221;0px|||||&#8221; global_colors_info=&#8221;{}&#8221;][et_pb_column type=&#8221;4_4&#8243; _builder_version=&#8221;4.9.11&#8243; _module_preset=&#8221;default&#8221; global_colors_info=&#8221;{}&#8221;][et_pb_menu menu_style=&#8221;centered&#8221; _builder_version=&#8221;4.9.11&#8243; _module_preset=&#8221;default&#8221; menu_font=&#8221;Roboto Slab|300|||||||&#8221; menu_text_color=&#8221;#FFFFFF&#8221; menu_font_size=&#8221;16px&#8221; background_color=&#8221;#223555&#8243; width=&#8221;80%&#8221; module_alignment=&#8221;center&#8221; min_height=&#8221;100px&#8221; height=&#8221;95px&#8221; max_height=&#8221;308px&#8221; custom_padding=&#8221;31px|||||&#8221; global_colors_info=&#8221;{}&#8221;][\/et_pb_menu][\/et_pb_column][\/et_pb_row][\/et_pb_section][et_pb_section fb_built=&#8221;1&#8243; _builder_version=&#8221;4.9.11&#8243; _module_preset=&#8221;default&#8221; background_color=&#8221;rgba(34,53,85,0.59)&#8221; background_image=&#8221;http:\/\/reseau-rouviere.com\/wp-content\/uploads\/2022\/01\/MARS.png&#8221; parallax=&#8221;on&#8221; custom_margin=&#8221;-131px||8px|||&#8221; custom_padding=&#8221;72px||91px|||&#8221; global_colors_info=&#8221;{}&#8221;][et_pb_row _builder_version=&#8221;4.9.11&#8243; _module_preset=&#8221;default&#8221; custom_margin=&#8221;70px|auto||auto||&#8221; global_colors_info=&#8221;{}&#8221;][et_pb_column type=&#8221;4_4&#8243; _builder_version=&#8221;4.9.11&#8243; _module_preset=&#8221;default&#8221; global_colors_info=&#8221;{}&#8221;][et_pb_text _builder_version=&#8221;4.9.11&#8243; _module_preset=&#8221;default&#8221; text_font=&#8221;Roboto Slab||||||||&#8221; text_text_color=&#8221;#FFFFFF&#8221; text_font_size=&#8221;50px&#8221; custom_margin=&#8221;||38px|||&#8221; global_colors_info=&#8221;{}&#8221;]<\/p>\n<p style=\"text-align: center;\">Droit immobilier<\/p>\n<p>[\/et_pb_text][\/et_pb_column][\/et_pb_row][\/et_pb_section][et_pb_section fb_built=&#8221;1&#8243; _builder_version=&#8221;4.9.11&#8243; _module_preset=&#8221;default&#8221; global_colors_info=&#8221;{}&#8221;][et_pb_row column_structure=&#8221;2_3,1_3&#8243; _builder_version=&#8221;4.9.11&#8243; _module_preset=&#8221;default&#8221; global_colors_info=&#8221;{}&#8221;][et_pb_column type=&#8221;2_3&#8243; _builder_version=&#8221;4.9.11&#8243; _module_preset=&#8221;default&#8221; global_colors_info=&#8221;{}&#8221;][et_pb_image src=&#8221;http:\/\/reseau-rouviere.com\/wp-content\/uploads\/2023\/02\/CI-RESEAU-ROUVIERE.png&#8221; title_text=&#8221;CI-RESEAU-ROUVIERE&#8221; _builder_version=&#8221;4.14.8&#8243; _module_preset=&#8221;default&#8221; hover_enabled=&#8221;0&#8243; global_colors_info=&#8221;{}&#8221; sticky_enabled=&#8221;0&#8243;][\/et_pb_image][et_pb_text _builder_version=&#8221;4.14.8&#8243; _module_preset=&#8221;default&#8221; text_font=&#8221;Roboto Slab|300|||||||&#8221; inline_fonts=&#8221;Poppins&#8221; global_colors_info=&#8221;{}&#8221;]<\/p>\n<p style=\"text-align: justify;\"><span style=\"font-family: Poppins; font-weight: normal;\"><strong>Le Cabinet NAUDIN est un\u00a0cabinet d&#8217;Avocats inscrits au Barreau de\u00a0Marseille, compos\u00e9 de trois Avocats Associ\u00e9s, six Avocats Collaborateurs,\u00a0deux Juristes et quatre assistantes juridiques.<\/strong><\/span><\/p>\n<p style=\"text-align: justify;\"><span style=\"font-family: Poppins; font-weight: normal;\">Au cours des derni\u00e8res d\u00e9cennies, sa solide r\u00e9putation s&#8217;est construite autour du Droit immobilier (Copropri\u00e9t\u00e9, Vente, baux commerciaux et d&#8217;habitations, construction&#8230;).<\/span><\/p>\n<p style=\"text-align: justify;\"><span style=\"font-family: Poppins; font-weight: normal;\">\u00a0Dans le cadre de son d\u00e9veloppement, le Cabinet NAUDIN a ouvert, depuis de nombreuses ann\u00e9es, ses champs de comp\u00e9tences en int\u00e9grant le\u00a0<strong><span style=\"color: #b79b5d;\"><a href=\"http:\/\/reseau-rouviere.com\/\" style=\"color: #b79b5d;\">R\u00e9seau Rouvi\u00e8re,\u00a0R\u00e9seau de professionnels du droit.<\/a><\/span><\/strong><\/span><\/p>\n<p style=\"text-align: justify;\"><span style=\"font-family: Poppins; font-weight: normal;\">Ainsi en travaillant de concert avec leurs\u00a0partenaires et collaborateurs, les membres du Cabinet NAUDIN vous offrent une solution globale vous permettant d&#8217;aborder sereinement l&#8217;ensemble de vos difficult\u00e9s.<\/span><\/p>\n<p style=\"text-align: justify;\"><span style=\"font-family: Poppins; font-weight: normal;\">Gage de la reconnaissance de leurs qualit\u00e9s par les professionnels et leurs pairs, plusieurs membres du Cabinet enseignent \u00e9galement aux Universit\u00e9s, dans d&#8217;autres organismes de formation \u00e0 destination des professionnels de l&#8217;immobilier (CNAM-ICH, FNAIM, UNIS, UPIMMO&#8230;) et sont\u00a0<a href=\"https:\/\/www.lgdj.fr\/la-copropriete-9782297130530.html\"><strong><span style=\"color: #b79b5d;\">les auteurs d&#8217;ouvrages reconnus et diffus\u00e9s en mati\u00e8re immobili\u00e8re.\u00a0<\/span><\/strong><\/a><\/span><\/p>\n<p style=\"text-align: justify;\"><span style=\"font-family: Poppins; font-weight: normal;\">Parall\u00e8lement \u00e0 leur activit\u00e9 d&#8217;Avocats, les membres du Cabinet NAUDIN ont cr\u00e9\u00e9 un institut de formation, la &#8220;SAS ROUVIERE JURISFORMATION&#8221;, dont l&#8217;objectif est de former les acteurs de l&#8217;immobilier aux subtilit\u00e9s juridiques jalonnant leur quotidien.<\/span><\/p>\n<p style=\"text-align: justify;\"><span style=\"font-family: Poppins; font-weight: normal;\">Cet Institut permet\u00a0aux professionnels de l&#8217;immobilier de remplir leurs obligations en mati\u00e8re de formation continue.<\/span><\/p>\n<p style=\"text-align: justify;\"><span style=\"font-family: Poppins; font-weight: normal;\">Enfin, conscient que tous les diff\u00e9rends ne devaient pas n\u00e9cessairement mener \u00e0 un proc\u00e8s, le cabinet NAUDIN compte parmi ses membres des\u00a0m\u00e9diateurs dipl\u00f4m\u00e9s\u00a0capables de vous orienter vers une solution n\u00e9goci\u00e9e adapt\u00e9e \u00e0 vos besoins.<\/span><\/p>\n<p style=\"text-align: justify;\"><span style=\"font-family: Poppins; font-weight: normal;\">M\u00eame si son si\u00e8ge social est bas\u00e9 \u00e0 Marseille, le Cabinet NAUDIN intervient en France enti\u00e8re, postule devant la Cour d&#8217;appel d&#8217;Aix-en-Provence et tous les tribunaux du ressort de cette Cour (Aix, Marseille, Toulon, Grasse, Nice, Tarascon, Draguignan.) et va prochainement ouvrir un Cabinet secondaire \u00e0 Aix en Provence.<\/span><\/p>\n<p style=\"text-align: justify;\"><span style=\"font-family: Poppins; font-weight: normal;\">Il s\u2019adresse essentiellement \u00e0 une client\u00e8le institutionnelle compos\u00e9e de syndics de copropri\u00e9t\u00e9s, d\u2019administrateurs de biens, de bailleurs sociaux ou de promoteurs immobiliers mais peut \u00e9galement assister les particuliers ou personnes publiques.<\/span><\/p>\n<p style=\"text-align: justify;\"><span style=\"font-family: Poppins; font-weight: normal;\">Faire appel au Cabinet NAUDIN, c&#8217;est s&#8217;assurer d&#8217;avoir \u00e0 ses c\u00f4t\u00e9s une \u00e9quipe compos\u00e9e de professionnels qualifi\u00e9s, \u00e0 la sp\u00e9cialit\u00e9 reconnue, soucieux de la qualit\u00e9 de leur travail.<\/span><\/p>\n<p>[\/et_pb_text][\/et_pb_column][et_pb_column type=&#8221;1_3&#8243; _builder_version=&#8221;4.9.11&#8243; _module_preset=&#8221;default&#8221; global_colors_info=&#8221;{}&#8221;][et_pb_text _builder_version=&#8221;4.14.8&#8243; _dynamic_attributes=&#8221;link_option_url&#8221; _module_preset=&#8221;default&#8221; text_font=&#8221;Roboto Slab||||||||&#8221; text_text_color=&#8221;#b89b5e&#8221; text_orientation=&#8221;center&#8221; custom_margin=&#8221;0px||0px||false|false&#8221; custom_padding=&#8221;15px|5px|15px|5px|false|false&#8221; link_option_url=&#8221;@ET-DC@eyJkeW5hbWljIjp0cnVlLCJjb250ZW50IjoicG9zdF9saW5rX3VybF9wYWdlIiwic2V0dGluZ3MiOnsicG9zdF9pZCI6IjIxMyJ9fQ==@&#8221; border_width_all=&#8221;1px&#8221; border_color_all=&#8221;#b89b5e&#8221; global_colors_info=&#8221;{}&#8221;]<\/p>\n<p><span>Droit immobilier<\/span><\/p>\n<p>[\/et_pb_text][et_pb_text _builder_version=&#8221;4.14.8&#8243; _dynamic_attributes=&#8221;link_option_url&#8221; _module_preset=&#8221;default&#8221; text_font=&#8221;Roboto Slab||||||||&#8221; text_text_color=&#8221;#b89b5e&#8221; text_orientation=&#8221;center&#8221; custom_margin=&#8221;0px||0px||false|false&#8221; custom_padding=&#8221;15px|5px|15px|5px|false|false&#8221; link_option_url=&#8221;@ET-DC@eyJkeW5hbWljIjp0cnVlLCJjb250ZW50IjoicG9zdF9saW5rX3VybF9wYWdlIiwic2V0dGluZ3MiOnsicG9zdF9pZCI6IjIxNiJ9fQ==@&#8221; border_width_all=&#8221;1px&#8221; border_color_all=&#8221;#b89b5e&#8221; global_colors_info=&#8221;{}&#8221;]<\/p>\n<p><span>Droit des soci\u00e9t\u00e9s et des affaires<\/span><\/p>\n<p>[\/et_pb_text][et_pb_text _builder_version=&#8221;4.14.8&#8243; _dynamic_attributes=&#8221;link_option_url&#8221; _module_preset=&#8221;default&#8221; text_font=&#8221;Roboto Slab||||||||&#8221; text_text_color=&#8221;#b89b5e&#8221; text_orientation=&#8221;center&#8221; custom_margin=&#8221;0px||0px||false|false&#8221; custom_padding=&#8221;15px|5px|15px|5px|false|false&#8221; link_option_url=&#8221;@ET-DC@eyJkeW5hbWljIjp0cnVlLCJjb250ZW50IjoicG9zdF9saW5rX3VybF9wYWdlIiwic2V0dGluZ3MiOnsicG9zdF9pZCI6IjIyNSJ9fQ==@&#8221; border_width_all=&#8221;1px&#8221; border_color_all=&#8221;#b89b5e&#8221; global_colors_info=&#8221;{}&#8221;]<\/p>\n<p><span>Droit du travail<\/span><\/p>\n<p>[\/et_pb_text][et_pb_text _builder_version=&#8221;4.14.8&#8243; _dynamic_attributes=&#8221;link_option_url&#8221; _module_preset=&#8221;default&#8221; text_font=&#8221;Roboto Slab||||||||&#8221; text_text_color=&#8221;#b89b5e&#8221; text_orientation=&#8221;center&#8221; custom_margin=&#8221;0px||0px||false|false&#8221; custom_padding=&#8221;15px|5px|15px|5px|false|false&#8221; link_option_url=&#8221;@ET-DC@eyJkeW5hbWljIjp0cnVlLCJjb250ZW50IjoicG9zdF9saW5rX3VybF9wYWdlIiwic2V0dGluZ3MiOnsicG9zdF9pZCI6IjQxNiJ9fQ==@&#8221; border_width_all=&#8221;1px&#8221; border_color_all=&#8221;#b89b5e&#8221; global_colors_info=&#8221;{}&#8221;]<\/p>\n<p><span>Droit des baux commerciaux<\/span><\/p>\n<p>[\/et_pb_text][et_pb_text _builder_version=&#8221;4.14.8&#8243; _dynamic_attributes=&#8221;link_option_url&#8221; _module_preset=&#8221;default&#8221; text_font=&#8221;Roboto Slab||||||||&#8221; text_text_color=&#8221;#b89b5e&#8221; text_orientation=&#8221;center&#8221; custom_margin=&#8221;0px||0px||false|false&#8221; custom_padding=&#8221;15px|5px|15px|5px|false|false&#8221; link_option_url=&#8221;@ET-DC@eyJkeW5hbWljIjp0cnVlLCJjb250ZW50IjoicG9zdF9saW5rX3VybF9wYWdlIiwic2V0dGluZ3MiOnsicG9zdF9pZCI6IjIxOSJ9fQ==@&#8221; border_width_all=&#8221;1px&#8221; border_color_all=&#8221;#b89b5e&#8221; global_colors_info=&#8221;{}&#8221;]<\/p>\n<p>Droit bancaire<\/p>\n<p>[\/et_pb_text][et_pb_text _builder_version=&#8221;4.14.8&#8243; _dynamic_attributes=&#8221;link_option_url&#8221; _module_preset=&#8221;default&#8221; text_font=&#8221;Roboto Slab||||||||&#8221; text_text_color=&#8221;#b89b5e&#8221; text_orientation=&#8221;center&#8221; custom_margin=&#8221;0px||0px||false|false&#8221; custom_padding=&#8221;15px|5px|15px|5px|false|false&#8221; link_option_url=&#8221;@ET-DC@eyJkeW5hbWljIjp0cnVlLCJjb250ZW50IjoicG9zdF9saW5rX3VybF9wYWdlIiwic2V0dGluZ3MiOnsicG9zdF9pZCI6IjE5NSJ9fQ==@&#8221; border_width_all=&#8221;1px&#8221; border_color_all=&#8221;#b89b5e&#8221; global_colors_info=&#8221;{}&#8221;]<\/p>\n<p><span>Droit des proc\u00e9dures collectives<\/span><\/p>\n<p>[\/et_pb_text][et_pb_text _builder_version=&#8221;4.14.8&#8243; _dynamic_attributes=&#8221;link_option_url&#8221; _module_preset=&#8221;default&#8221; text_font=&#8221;Roboto Slab||||||||&#8221; text_text_color=&#8221;#b89b5e&#8221; text_orientation=&#8221;center&#8221; custom_margin=&#8221;0px||0px||false|false&#8221; custom_padding=&#8221;15px|5px|15px|5px|false|false&#8221; link_option_url=&#8221;@ET-DC@eyJkeW5hbWljIjp0cnVlLCJjb250ZW50IjoicG9zdF9saW5rX3VybF9wYWdlIiwic2V0dGluZ3MiOnsicG9zdF9pZCI6IjIyMiJ9fQ==@&#8221; border_width_all=&#8221;1px&#8221; border_color_all=&#8221;#b89b5e&#8221; global_colors_info=&#8221;{}&#8221;]<\/p>\n<p><span>Droit de la famille<\/span><\/p>\n<p>[\/et_pb_text][et_pb_text _builder_version=&#8221;4.14.8&#8243; _dynamic_attributes=&#8221;link_option_url&#8221; _module_preset=&#8221;default&#8221; text_font=&#8221;Roboto Slab||||||||&#8221; text_text_color=&#8221;#b89b5e&#8221; text_orientation=&#8221;center&#8221; custom_margin=&#8221;0px||0px||false|false&#8221; custom_padding=&#8221;15px|5px|15px|5px|false|false&#8221; link_option_url=&#8221;@ET-DC@eyJkeW5hbWljIjp0cnVlLCJjb250ZW50IjoicG9zdF9saW5rX3VybF9wYWdlIiwic2V0dGluZ3MiOnsicG9zdF9pZCI6IjE4NiJ9fQ==@&#8221; border_width_all=&#8221;1px&#8221; border_color_all=&#8221;#b89b5e&#8221; global_colors_info=&#8221;{}&#8221;]<\/p>\n<p><span>Responsabilit\u00e9 medicale<\/span><\/p>\n<p>[\/et_pb_text][et_pb_text _builder_version=&#8221;4.14.8&#8243; _dynamic_attributes=&#8221;link_option_url&#8221; _module_preset=&#8221;default&#8221; text_font=&#8221;Roboto Slab||||||||&#8221; text_text_color=&#8221;#b89b5e&#8221; text_orientation=&#8221;center&#8221; custom_margin=&#8221;0px||0px||false|false&#8221; custom_padding=&#8221;15px|5px|15px|5px|false|false&#8221; link_option_url=&#8221;@ET-DC@eyJkeW5hbWljIjp0cnVlLCJjb250ZW50IjoicG9zdF9saW5rX3VybF9wYWdlIiwic2V0dGluZ3MiOnsicG9zdF9pZCI6IjE5MSJ9fQ==@&#8221; border_width_all=&#8221;1px&#8221; border_color_all=&#8221;#b89b5e&#8221; global_colors_info=&#8221;{}&#8221;]<\/p>\n<p><span>Accident de la circulation et de la vie<\/span><\/p>\n<p>[\/et_pb_text][et_pb_text _builder_version=&#8221;4.14.8&#8243; _dynamic_attributes=&#8221;link_option_url&#8221; _module_preset=&#8221;default&#8221; text_font=&#8221;Roboto Slab||||||||&#8221; text_text_color=&#8221;#b89b5e&#8221; text_orientation=&#8221;center&#8221; custom_margin=&#8221;0px||0px||false|false&#8221; custom_padding=&#8221;15px|5px|15px|5px|false|false&#8221; link_option_url=&#8221;@ET-DC@eyJkeW5hbWljIjp0cnVlLCJjb250ZW50IjoicG9zdF9saW5rX3VybF9wYWdlIiwic2V0dGluZ3MiOnsicG9zdF9pZCI6IjIxMCJ9fQ==@&#8221; border_width_all=&#8221;1px&#8221; border_color_all=&#8221;#b89b5e&#8221; global_colors_info=&#8221;{}&#8221;]<\/p>\n<p><span>Droit p\u00e9nal g\u00e9n\u00e9ral et des affaires<\/span><\/p>\n<p>[\/et_pb_text][et_pb_text _builder_version=&#8221;4.14.8&#8243; _dynamic_attributes=&#8221;link_option_url&#8221; _module_preset=&#8221;default&#8221; text_font=&#8221;Roboto Slab||||||||&#8221; text_text_color=&#8221;#b89b5e&#8221; text_orientation=&#8221;center&#8221; custom_margin=&#8221;0px||0px||false|false&#8221; custom_padding=&#8221;15px|5px|15px|5px|false|false&#8221; link_option_url=&#8221;@ET-DC@eyJkeW5hbWljIjp0cnVlLCJjb250ZW50IjoicG9zdF9saW5rX3VybF9wYWdlIiwic2V0dGluZ3MiOnsicG9zdF9pZCI6IjE5OSJ9fQ==@&#8221; border_width_all=&#8221;1px&#8221; border_color_all=&#8221;#b89b5e&#8221; global_colors_info=&#8221;{}&#8221;]<\/p>\n<p><span>Droit public<\/span><\/p>\n<p>[\/et_pb_text][et_pb_text _builder_version=&#8221;4.14.8&#8243; _dynamic_attributes=&#8221;link_option_url&#8221; _module_preset=&#8221;default&#8221; text_font=&#8221;Roboto Slab||||||||&#8221; text_text_color=&#8221;#b89b5e&#8221; text_orientation=&#8221;center&#8221; custom_margin=&#8221;0px||0px||false|false&#8221; custom_padding=&#8221;15px|5px|15px|5px|false|false&#8221; link_option_url=&#8221;@ET-DC@eyJkeW5hbWljIjp0cnVlLCJjb250ZW50IjoicG9zdF9saW5rX3VybF9wYWdlIiwic2V0dGluZ3MiOnsicG9zdF9pZCI6IjIyOCJ9fQ==@&#8221; border_width_all=&#8221;1px&#8221; border_color_all=&#8221;#b89b5e&#8221; global_colors_info=&#8221;{}&#8221;]<\/p>\n<p><span>Droit des \u00e9trangers<\/span><\/p>\n<p>[\/et_pb_text][\/et_pb_column][\/et_pb_row][\/et_pb_section]<\/p>\n","protected":false},"excerpt":{"rendered":"<p>Contact04 91 55 02 12Email :contact@reseau-rouviere.comDroit immobilierLe Cabinet NAUDIN est un\u00a0cabinet d&#8217;Avocats inscrits au Barreau de\u00a0Marseille, compos\u00e9 de trois Avocats Associ\u00e9s, six Avocats Collaborateurs,\u00a0deux Juristes et quatre assistantes juridiques. Au cours des derni\u00e8res d\u00e9cennies, sa solide r\u00e9putation s&#8217;est construite autour du Droit immobilier (Copropri\u00e9t\u00e9, Vente, baux commerciaux et d&#8217;habitations, construction&#8230;). \u00a0Dans le cadre de son [&hellip;]<\/p>\n","protected":false},"author":1,"featured_media":0,"parent":0,"menu_order":0,"comment_status":"closed","ping_status":"closed","template":"","meta":{"_et_pb_use_builder":"on","_et_pb_old_content":"","_et_gb_content_width":"","footnotes":""},"class_list":["post-213","page","type-page","status-publish","hentry"],"_links":{"self":[{"href":"https:\/\/reseau-rouviere.com\/index.php\/wp-json\/wp\/v2\/pages\/213","targetHints":{"allow":["GET"]}}],"collection":[{"href":"https:\/\/reseau-rouviere.com\/index.php\/wp-json\/wp\/v2\/pages"}],"about":[{"href":"https:\/\/reseau-rouviere.com\/index.php\/wp-json\/wp\/v2\/types\/page"}],"author":[{"embeddable":true,"href":"https:\/\/reseau-rouviere.com\/index.php\/wp-json\/wp\/v2\/users\/1"}],"replies":[{"embeddable":true,"href":"https:\/\/reseau-rouviere.com\/index.php\/wp-json\/wp\/v2\/comments?post=213"}],"version-history":[{"count":11,"href":"https:\/\/reseau-rouviere.com\/index.php\/wp-json\/wp\/v2\/pages\/213\/revisions"}],"predecessor-version":[{"id":526,"href":"https:\/\/reseau-rouviere.com\/index.php\/wp-json\/wp\/v2\/pages\/213\/revisions\/526"}],"wp:attachment":[{"href":"https:\/\/reseau-rouviere.com\/index.php\/wp-json\/wp\/v2\/media?parent=213"}],"curies":[{"name":"wp","href":"https:\/\/api.w.org\/{rel}","templated":true}]}}