{"id":225,"date":"2022-01-10T10:47:03","date_gmt":"2022-01-10T09:47:03","guid":{"rendered":"http:\/\/reseau-rouviere.com\/?page_id=225"},"modified":"2023-03-10T10:43:32","modified_gmt":"2023-03-10T09:43:32","slug":"droit-du-travail","status":"publish","type":"page","link":"https:\/\/reseau-rouviere.com\/index.php\/droit-du-travail\/","title":{"rendered":"Droit du travail"},"content":{"rendered":"<p>[et_pb_section fb_built=&#8221;1&#8243; _builder_version=&#8221;4.9.11&#8243; _module_preset=&#8221;default&#8221; custom_padding=&#8221;||2px|||&#8221; global_colors_info=&#8221;{}&#8221;][et_pb_row column_structure=&#8221;1_2,1_4,1_4&#8243; _builder_version=&#8221;4.9.11&#8243; _module_preset=&#8221;default&#8221; custom_margin=&#8221;-55px|auto||auto||&#8221; global_colors_info=&#8221;{}&#8221;][et_pb_column type=&#8221;1_2&#8243; _builder_version=&#8221;4.9.11&#8243; _module_preset=&#8221;default&#8221; global_colors_info=&#8221;{}&#8221;][et_pb_image src=&#8221;http:\/\/reseau-rouviere.com\/wp-content\/uploads\/2021\/11\/Logo-Re\u0301seau_Rouvie\u0300re_Bleu.png&#8221; title_text=&#8221;Logo-Re\u0301seau_Rouvie\u0300re_Bleu&#8221; align=&#8221;center&#8221; _builder_version=&#8221;4.9.11&#8243; _module_preset=&#8221;default&#8221; width=&#8221;60%&#8221; module_alignment=&#8221;center&#8221; global_colors_info=&#8221;{}&#8221;][\/et_pb_image][\/et_pb_column][et_pb_column type=&#8221;1_4&#8243; _builder_version=&#8221;4.9.11&#8243; _module_preset=&#8221;default&#8221; global_colors_info=&#8221;{}&#8221;][et_pb_text _builder_version=&#8221;4.9.11&#8243; _module_preset=&#8221;default&#8221; text_font=&#8221;Roboto Slab|300|||||||&#8221; text_text_color=&#8221;#b89b5d&#8221; text_font_size=&#8221;20px&#8221; module_alignment=&#8221;left&#8221; custom_margin=&#8221;|133px|12px|-17px|false|false&#8221; custom_padding=&#8221;|0px|||false|false&#8221; global_colors_info=&#8221;{}&#8221;]<\/p>\n<p>Contact<\/p>\n<p>[\/et_pb_text][et_pb_text _builder_version=&#8221;4.14.8&#8243; _module_preset=&#8221;default&#8221; text_font=&#8221;Roboto Slab||||||||&#8221; text_text_color=&#8221;rgba(0,0,0,0.43)&#8221; text_font_size=&#8221;18px&#8221; text_line_height=&#8221;1em&#8221; custom_margin=&#8221;|||-18px||&#8221; global_colors_info=&#8221;{}&#8221;]<\/p>\n<p>04 91 55 02 12<\/p>\n<p>[\/et_pb_text][\/et_pb_column][et_pb_column type=&#8221;1_4&#8243; _builder_version=&#8221;4.9.11&#8243; _module_preset=&#8221;default&#8221; global_colors_info=&#8221;{}&#8221;][et_pb_text _builder_version=&#8221;4.9.11&#8243; _module_preset=&#8221;default&#8221; text_font=&#8221;Roboto Slab|300|||||||&#8221; text_text_color=&#8221;#b89b5d&#8221; text_font_size=&#8221;20px&#8221; transform_translate=&#8221;-104px|0px&#8221; transform_translate_linked=&#8221;off&#8221; custom_margin=&#8221;||8px|-27px||&#8221; global_colors_info=&#8221;{}&#8221;]<\/p>\n<p>Email :<\/p>\n<p>[\/et_pb_text][et_pb_text _builder_version=&#8221;4.9.11&#8243; _module_preset=&#8221;default&#8221; text_font=&#8221;Roboto Slab||||||||&#8221; text_text_color=&#8221;rgba(0,0,0,0.43)&#8221; text_font_size=&#8221;17px&#8221; custom_margin=&#8221;|||-131px||&#8221; global_colors_info=&#8221;{}&#8221;]<\/p>\n<p>contact@reseau-rouviere.com<\/p>\n<p>[\/et_pb_text][\/et_pb_column][\/et_pb_row][\/et_pb_section][et_pb_section fb_built=&#8221;1&#8243; _builder_version=&#8221;4.9.11&#8243; _module_preset=&#8221;default&#8221; custom_padding=&#8221;0px|||||&#8221; global_colors_info=&#8221;{}&#8221;][et_pb_row _builder_version=&#8221;4.9.11&#8243; _module_preset=&#8221;default&#8221; custom_padding=&#8221;0px|||||&#8221; global_colors_info=&#8221;{}&#8221;][et_pb_column type=&#8221;4_4&#8243; _builder_version=&#8221;4.9.11&#8243; _module_preset=&#8221;default&#8221; global_colors_info=&#8221;{}&#8221;][et_pb_menu menu_style=&#8221;centered&#8221; _builder_version=&#8221;4.9.11&#8243; _module_preset=&#8221;default&#8221; menu_font=&#8221;Roboto Slab|300|||||||&#8221; menu_text_color=&#8221;#FFFFFF&#8221; menu_font_size=&#8221;16px&#8221; background_color=&#8221;#223555&#8243; width=&#8221;80%&#8221; module_alignment=&#8221;center&#8221; min_height=&#8221;100px&#8221; height=&#8221;95px&#8221; max_height=&#8221;308px&#8221; custom_padding=&#8221;31px|||||&#8221; global_colors_info=&#8221;{}&#8221;][\/et_pb_menu][\/et_pb_column][\/et_pb_row][\/et_pb_section][et_pb_section fb_built=&#8221;1&#8243; _builder_version=&#8221;4.9.11&#8243; _module_preset=&#8221;default&#8221; background_color=&#8221;rgba(34,53,85,0.59)&#8221; background_image=&#8221;http:\/\/reseau-rouviere.com\/wp-content\/uploads\/2022\/01\/MARS.png&#8221; parallax=&#8221;on&#8221; custom_margin=&#8221;-131px||8px|||&#8221; custom_padding=&#8221;72px||91px|||&#8221; global_colors_info=&#8221;{}&#8221;][et_pb_row _builder_version=&#8221;4.9.11&#8243; _module_preset=&#8221;default&#8221; custom_margin=&#8221;70px|auto||auto||&#8221; global_colors_info=&#8221;{}&#8221;][et_pb_column type=&#8221;4_4&#8243; _builder_version=&#8221;4.9.11&#8243; _module_preset=&#8221;default&#8221; global_colors_info=&#8221;{}&#8221;][et_pb_text _builder_version=&#8221;4.9.11&#8243; _module_preset=&#8221;default&#8221; text_font=&#8221;Roboto Slab||||||||&#8221; text_text_color=&#8221;#FFFFFF&#8221; text_font_size=&#8221;50px&#8221; custom_margin=&#8221;||38px|||&#8221; global_colors_info=&#8221;{}&#8221;]<\/p>\n<p style=\"text-align: center;\">Droit du travail<\/p>\n<p>[\/et_pb_text][\/et_pb_column][\/et_pb_row][\/et_pb_section][et_pb_section fb_built=&#8221;1&#8243; _builder_version=&#8221;4.9.11&#8243; _module_preset=&#8221;default&#8221; locked=&#8221;off&#8221; global_colors_info=&#8221;{}&#8221;][et_pb_row column_structure=&#8221;2_3,1_3&#8243; _builder_version=&#8221;4.9.11&#8243; _module_preset=&#8221;default&#8221; global_colors_info=&#8221;{}&#8221;][et_pb_column type=&#8221;2_3&#8243; _builder_version=&#8221;4.9.11&#8243; _module_preset=&#8221;default&#8221; global_colors_info=&#8221;{}&#8221;][et_pb_image src=&#8221;http:\/\/reseau-rouviere.com\/wp-content\/uploads\/2023\/02\/CI-RESEAU-ROUVIERE2.png&#8221; title_text=&#8221;CI-RESEAU-ROUVIERE2&#8243; _builder_version=&#8221;4.14.8&#8243; _module_preset=&#8221;default&#8221; global_colors_info=&#8221;{}&#8221;][\/et_pb_image][et_pb_text _builder_version=&#8221;4.14.8&#8243; _module_preset=&#8221;default&#8221; text_font=&#8221;Poppins|300|||||||&#8221; inline_fonts=&#8221;Poppins&#8221; global_colors_info=&#8221;{}&#8221;]<\/p>\n<p style=\"text-align: justify;\"><span style=\"font-size: 14px; background-color: #ffffff; font-weight: bold;\"><strong><span>Ma\u00eetre <\/span><\/strong>Fran\u00e7ois ARNOULD, <\/span><span style=\"background-color: #ffffff; font-size: 14px; font-weight: bold;\">bas\u00e9 \u00e0 Marseille, Partenaire privil\u00e9gi\u00e9 des Entrepreneurs et Dirigeants, <\/span><strong><span>intervient en\u00a0<\/span>droit du travail<span>\u00a0<\/span>(Conseil et Contentieux)<span>, domaine de comp\u00e9tence qu\u2019il exerce \u00e0 titre habituel depuis 2010.<\/span><\/strong><\/p>\n<p style=\"text-align: justify;\"><span style=\"font-size: 14px;\">L\u2019organisation et la taille humaine du cabinet Fran\u00e7ois ARNOULD lui permet l\u2019\u00e9coute, la r\u00e9activit\u00e9 et la proximit\u00e9 n\u00e9cessaire \u00e0 l\u2019accompagnement des PME et de ses clients institutionnels dans leurs d\u00e9marches et contentieux.<\/span><\/p>\n<p style=\"text-align: justify;\">Fort de cette expertise, le cabinet Fran\u00e7ois ARNOULD assiste \u00e9galement les salari\u00e9s (cadres, agents de maitrise, employ\u00e9s, ouvriers), les informe sur leurs droits, les aides \u00e0 n\u00e9gocier une \u00e9ventuelle rupture ou les assiste devant les juridictions prud\u2019homales (Conseil de Prud\u2019hommes, Cour d\u2019Appel (Chambre sociale).<\/p>\n<p>\u00a0<strong>Les domaines de comp\u00e9tences sont les suivants :<\/strong><\/p>\n<p><strong><span style=\"text-decoration: underline;\">\u00a0<span style=\"font-size: 14px;\">Conseils aux entreprises<\/span><\/span><\/strong><\/p>\n<ul>\n<li>R\u00e9daction et modification du contrat de travail,<\/li>\n<li>Statut du dirigeant d\u2019entreprise,<\/li>\n<li>Sanctions disciplinaires,<\/li>\n<li>Rupture conventionnelle du contrat de travail,<\/li>\n<li>Am\u00e9nagement du temps de travail,<\/li>\n<li>Licenciement pour motif personnel, pour faute grave ou \u00e9conomique,<\/li>\n<li>\u00c9lections professionnelles (comit\u00e9 social et \u00e9conomique \u2013 CSE),<\/li>\n<li>N\u00e9gociation collective (Accords collectifs),<\/li>\n<li>Mise en place de plans de sauvegarde de l\u2019emploi,<\/li>\n<li>Droit des proc\u00e9dures collectives,<\/li>\n<li>Droit de la fonction publique,<\/li>\n<li>Mise en conformit\u00e9 avec la r\u00e9glementation relative aux travailleurs \u00e9trangers,<\/li>\n<\/ul>\n<p><strong><span style=\"text-decoration: underline;\">\u00a0Conseils aux salari\u00e9s\u00a0:<\/span><\/strong><\/p>\n<p><span style=\"font-size: 14px;\">Vous \u00eates employ\u00e9, agent de maitrise, ouvrier, cadre, nous r\u00e9pondons \u00e0 vos questions sur vos droits et sur les obligations qui incombent \u00e0 votre employeur.<\/span><\/p>\n<ul>\n<li>Nous vous assistons dans le cadre d\u2019une rupture conventionnelle afin de n\u00e9gocier au mieux votre d\u00e9part.<\/li>\n<li>Nous r\u00e9pondons \u00e0 vos questions et\/ou pr\u00e9parons ensemble tous recours visant \u00e0 faire reconnaitre\u00a0:<\/li>\n<li>Un harc\u00e8lement (moral ou sexuel),<\/li>\n<li>Un probl\u00e9matique li\u00e9 \u00e0 votre \u00e9tat de sant\u00e9 (inaptitude, invalidit\u00e9\u2026),<\/li>\n<li>Le droit \u00e0 un rappel de salaire, \u00e0 des primes, \u00e0 des commissions ou \u00e0 des heures suppl\u00e9mentaires impay\u00e9es,<\/li>\n<li>Un travail dissimul\u00e9,<\/li>\n<li>Le caract\u00e8re abusif ou sans cause r\u00e9elle et s\u00e9rieuse du licenciement qui vient de vous \u00eatre notifi\u00e9 par votre employeur pour faute simple, insuffisance professionnelle, faute grave, faute lourde, inaptitude (absence de reclassement), motifs \u00e9conomiques \u2026<\/li>\n<\/ul>\n<p>[\/et_pb_text][\/et_pb_column][et_pb_column type=&#8221;1_3&#8243; _builder_version=&#8221;4.9.11&#8243; _module_preset=&#8221;default&#8221; global_colors_info=&#8221;{}&#8221;][et_pb_text _builder_version=&#8221;4.14.8&#8243; _dynamic_attributes=&#8221;link_option_url&#8221; _module_preset=&#8221;default&#8221; text_font=&#8221;Roboto Slab||||||||&#8221; text_text_color=&#8221;#b89b5e&#8221; text_orientation=&#8221;center&#8221; custom_margin=&#8221;0px||0px||false|false&#8221; custom_padding=&#8221;15px|5px|15px|5px|false|false&#8221; link_option_url=&#8221;@ET-DC@eyJkeW5hbWljIjp0cnVlLCJjb250ZW50IjoicG9zdF9saW5rX3VybF9wYWdlIiwic2V0dGluZ3MiOnsicG9zdF9pZCI6IjIxMyJ9fQ==@&#8221; border_width_all=&#8221;1px&#8221; border_color_all=&#8221;#b89b5e&#8221; global_colors_info=&#8221;{}&#8221;]<\/p>\n<p><span>Droit immobilier<\/span><\/p>\n<p>[\/et_pb_text][et_pb_text _builder_version=&#8221;4.14.8&#8243; _dynamic_attributes=&#8221;link_option_url&#8221; _module_preset=&#8221;default&#8221; text_font=&#8221;Roboto Slab||||||||&#8221; text_text_color=&#8221;#b89b5e&#8221; text_orientation=&#8221;center&#8221; custom_margin=&#8221;0px||0px||false|false&#8221; custom_padding=&#8221;15px|5px|15px|5px|false|false&#8221; link_option_url=&#8221;@ET-DC@eyJkeW5hbWljIjp0cnVlLCJjb250ZW50IjoicG9zdF9saW5rX3VybF9wYWdlIiwic2V0dGluZ3MiOnsicG9zdF9pZCI6IjIxNiJ9fQ==@&#8221; border_width_all=&#8221;1px&#8221; border_color_all=&#8221;#b89b5e&#8221; global_colors_info=&#8221;{}&#8221;]<\/p>\n<p><span>Droit des soci\u00e9t\u00e9s et des affaires<\/span><\/p>\n<p>[\/et_pb_text][et_pb_text _builder_version=&#8221;4.14.8&#8243; _dynamic_attributes=&#8221;link_option_url&#8221; _module_preset=&#8221;default&#8221; text_font=&#8221;Roboto Slab||||||||&#8221; text_text_color=&#8221;#b89b5e&#8221; text_orientation=&#8221;center&#8221; custom_margin=&#8221;0px||0px||false|false&#8221; custom_padding=&#8221;15px|5px|15px|5px|false|false&#8221; link_option_url=&#8221;@ET-DC@eyJkeW5hbWljIjp0cnVlLCJjb250ZW50IjoicG9zdF9saW5rX3VybF9wYWdlIiwic2V0dGluZ3MiOnsicG9zdF9pZCI6IjIyNSJ9fQ==@&#8221; border_width_all=&#8221;1px&#8221; border_color_all=&#8221;#b89b5e&#8221; global_colors_info=&#8221;{}&#8221;]<\/p>\n<p><span>Droit du travail<\/span><\/p>\n<p>[\/et_pb_text][et_pb_text _builder_version=&#8221;4.14.8&#8243; _dynamic_attributes=&#8221;link_option_url&#8221; _module_preset=&#8221;default&#8221; text_font=&#8221;Roboto Slab||||||||&#8221; text_text_color=&#8221;#b89b5e&#8221; text_orientation=&#8221;center&#8221; custom_margin=&#8221;0px||0px||false|false&#8221; custom_padding=&#8221;15px|5px|15px|5px|false|false&#8221; link_option_url=&#8221;@ET-DC@eyJkeW5hbWljIjp0cnVlLCJjb250ZW50IjoicG9zdF9saW5rX3VybF9wYWdlIiwic2V0dGluZ3MiOnsicG9zdF9pZCI6IjQxNiJ9fQ==@&#8221; border_width_all=&#8221;1px&#8221; border_color_all=&#8221;#b89b5e&#8221; global_colors_info=&#8221;{}&#8221;]<\/p>\n<p><span>Droit des baux commerciaux<\/span><\/p>\n<p>[\/et_pb_text][et_pb_text _builder_version=&#8221;4.14.8&#8243; _dynamic_attributes=&#8221;link_option_url&#8221; _module_preset=&#8221;default&#8221; text_font=&#8221;Roboto Slab||||||||&#8221; text_text_color=&#8221;#b89b5e&#8221; text_orientation=&#8221;center&#8221; custom_margin=&#8221;0px||0px||false|false&#8221; custom_padding=&#8221;15px|5px|15px|5px|false|false&#8221; link_option_url=&#8221;@ET-DC@eyJkeW5hbWljIjp0cnVlLCJjb250ZW50IjoicG9zdF9saW5rX3VybF9wYWdlIiwic2V0dGluZ3MiOnsicG9zdF9pZCI6IjIxOSJ9fQ==@&#8221; border_width_all=&#8221;1px&#8221; border_color_all=&#8221;#b89b5e&#8221; global_colors_info=&#8221;{}&#8221;]<\/p>\n<p>Droit bancaire<\/p>\n<p>[\/et_pb_text][et_pb_text _builder_version=&#8221;4.14.8&#8243; _dynamic_attributes=&#8221;link_option_url&#8221; _module_preset=&#8221;default&#8221; text_font=&#8221;Roboto Slab||||||||&#8221; text_text_color=&#8221;#b89b5e&#8221; text_orientation=&#8221;center&#8221; custom_margin=&#8221;0px||0px||false|false&#8221; custom_padding=&#8221;15px|5px|15px|5px|false|false&#8221; link_option_url=&#8221;@ET-DC@eyJkeW5hbWljIjp0cnVlLCJjb250ZW50IjoicG9zdF9saW5rX3VybF9wYWdlIiwic2V0dGluZ3MiOnsicG9zdF9pZCI6IjE5NSJ9fQ==@&#8221; border_width_all=&#8221;1px&#8221; border_color_all=&#8221;#b89b5e&#8221; global_colors_info=&#8221;{}&#8221;]<\/p>\n<p><span>Droit des proc\u00e9dures collectives<\/span><\/p>\n<p>[\/et_pb_text][et_pb_text _builder_version=&#8221;4.14.8&#8243; _dynamic_attributes=&#8221;link_option_url&#8221; _module_preset=&#8221;default&#8221; text_font=&#8221;Roboto Slab||||||||&#8221; text_text_color=&#8221;#b89b5e&#8221; text_orientation=&#8221;center&#8221; custom_margin=&#8221;0px||0px||false|false&#8221; custom_padding=&#8221;15px|5px|15px|5px|false|false&#8221; link_option_url=&#8221;@ET-DC@eyJkeW5hbWljIjp0cnVlLCJjb250ZW50IjoicG9zdF9saW5rX3VybF9wYWdlIiwic2V0dGluZ3MiOnsicG9zdF9pZCI6IjIyMiJ9fQ==@&#8221; border_width_all=&#8221;1px&#8221; border_color_all=&#8221;#b89b5e&#8221; global_colors_info=&#8221;{}&#8221;]<\/p>\n<p><span>Droit de la famille<\/span><\/p>\n<p>[\/et_pb_text][et_pb_text _builder_version=&#8221;4.14.8&#8243; _dynamic_attributes=&#8221;link_option_url&#8221; _module_preset=&#8221;default&#8221; text_font=&#8221;Roboto Slab||||||||&#8221; text_text_color=&#8221;#b89b5e&#8221; text_orientation=&#8221;center&#8221; custom_margin=&#8221;0px||0px||false|false&#8221; custom_padding=&#8221;15px|5px|15px|5px|false|false&#8221; link_option_url=&#8221;@ET-DC@eyJkeW5hbWljIjp0cnVlLCJjb250ZW50IjoicG9zdF9saW5rX3VybF9wYWdlIiwic2V0dGluZ3MiOnsicG9zdF9pZCI6IjE4NiJ9fQ==@&#8221; border_width_all=&#8221;1px&#8221; border_color_all=&#8221;#b89b5e&#8221; global_colors_info=&#8221;{}&#8221;]<\/p>\n<p><span>Responsabilit\u00e9 medicale<\/span><\/p>\n<p>[\/et_pb_text][et_pb_text _builder_version=&#8221;4.14.8&#8243; _dynamic_attributes=&#8221;link_option_url&#8221; _module_preset=&#8221;default&#8221; text_font=&#8221;Roboto Slab||||||||&#8221; text_text_color=&#8221;#b89b5e&#8221; text_orientation=&#8221;center&#8221; custom_margin=&#8221;0px||0px||false|false&#8221; custom_padding=&#8221;15px|5px|15px|5px|false|false&#8221; link_option_url=&#8221;@ET-DC@eyJkeW5hbWljIjp0cnVlLCJjb250ZW50IjoicG9zdF9saW5rX3VybF9wYWdlIiwic2V0dGluZ3MiOnsicG9zdF9pZCI6IjE5MSJ9fQ==@&#8221; border_width_all=&#8221;1px&#8221; border_color_all=&#8221;#b89b5e&#8221; global_colors_info=&#8221;{}&#8221;]<\/p>\n<p><span>Accident de la circulation et de la vie<\/span><\/p>\n<p>[\/et_pb_text][et_pb_text _builder_version=&#8221;4.14.8&#8243; _dynamic_attributes=&#8221;link_option_url&#8221; _module_preset=&#8221;default&#8221; text_font=&#8221;Roboto Slab||||||||&#8221; text_text_color=&#8221;#b89b5e&#8221; text_orientation=&#8221;center&#8221; custom_margin=&#8221;0px||0px||false|false&#8221; custom_padding=&#8221;15px|5px|15px|5px|false|false&#8221; link_option_url=&#8221;@ET-DC@eyJkeW5hbWljIjp0cnVlLCJjb250ZW50IjoicG9zdF9saW5rX3VybF9wYWdlIiwic2V0dGluZ3MiOnsicG9zdF9pZCI6IjIxMCJ9fQ==@&#8221; border_width_all=&#8221;1px&#8221; border_color_all=&#8221;#b89b5e&#8221; global_colors_info=&#8221;{}&#8221;]<\/p>\n<p><span>Droit p\u00e9nal g\u00e9n\u00e9ral et des affaires<\/span><\/p>\n<p>[\/et_pb_text][et_pb_text _builder_version=&#8221;4.14.8&#8243; _dynamic_attributes=&#8221;link_option_url&#8221; _module_preset=&#8221;default&#8221; text_font=&#8221;Roboto Slab||||||||&#8221; text_text_color=&#8221;#b89b5e&#8221; text_orientation=&#8221;center&#8221; custom_margin=&#8221;0px||0px||false|false&#8221; custom_padding=&#8221;15px|5px|15px|5px|false|false&#8221; link_option_url=&#8221;@ET-DC@eyJkeW5hbWljIjp0cnVlLCJjb250ZW50IjoicG9zdF9saW5rX3VybF9wYWdlIiwic2V0dGluZ3MiOnsicG9zdF9pZCI6IjE5OSJ9fQ==@&#8221; border_width_all=&#8221;1px&#8221; border_color_all=&#8221;#b89b5e&#8221; global_colors_info=&#8221;{}&#8221;]<\/p>\n<p><span>Droit public<\/span><\/p>\n<p>[\/et_pb_text][et_pb_text _builder_version=&#8221;4.14.8&#8243; _dynamic_attributes=&#8221;link_option_url&#8221; _module_preset=&#8221;default&#8221; text_font=&#8221;Roboto Slab||||||||&#8221; text_text_color=&#8221;#b89b5e&#8221; text_orientation=&#8221;center&#8221; custom_margin=&#8221;0px||0px||false|false&#8221; custom_padding=&#8221;15px|5px|15px|5px|false|false&#8221; link_option_url=&#8221;@ET-DC@eyJkeW5hbWljIjp0cnVlLCJjb250ZW50IjoicG9zdF9saW5rX3VybF9wYWdlIiwic2V0dGluZ3MiOnsicG9zdF9pZCI6IjIyOCJ9fQ==@&#8221; border_width_all=&#8221;1px&#8221; border_color_all=&#8221;#b89b5e&#8221; global_colors_info=&#8221;{}&#8221;]<\/p>\n<p><span>Droit des \u00e9trangers<\/span><\/p>\n<p>[\/et_pb_text][\/et_pb_column][\/et_pb_row][\/et_pb_section]<\/p>\n","protected":false},"excerpt":{"rendered":"<p>Contact04 91 55 02 12Email :contact@reseau-rouviere.comDroit du travailMa\u00eetre Fran\u00e7ois ARNOULD, bas\u00e9 \u00e0 Marseille, Partenaire privil\u00e9gi\u00e9 des Entrepreneurs et Dirigeants, intervient en\u00a0droit du travail\u00a0(Conseil et Contentieux), domaine de comp\u00e9tence qu\u2019il exerce \u00e0 titre habituel depuis 2010. L\u2019organisation et la taille humaine du cabinet Fran\u00e7ois ARNOULD lui permet l\u2019\u00e9coute, la r\u00e9activit\u00e9 et la proximit\u00e9 n\u00e9cessaire \u00e0 l\u2019accompagnement [&hellip;]<\/p>\n","protected":false},"author":1,"featured_media":0,"parent":0,"menu_order":0,"comment_status":"closed","ping_status":"closed","template":"","meta":{"_et_pb_use_builder":"on","_et_pb_old_content":"","_et_gb_content_width":"","footnotes":""},"class_list":["post-225","page","type-page","status-publish","hentry"],"_links":{"self":[{"href":"https:\/\/reseau-rouviere.com\/index.php\/wp-json\/wp\/v2\/pages\/225","targetHints":{"allow":["GET"]}}],"collection":[{"href":"https:\/\/reseau-rouviere.com\/index.php\/wp-json\/wp\/v2\/pages"}],"about":[{"href":"https:\/\/reseau-rouviere.com\/index.php\/wp-json\/wp\/v2\/types\/page"}],"author":[{"embeddable":true,"href":"https:\/\/reseau-rouviere.com\/index.php\/wp-json\/wp\/v2\/users\/1"}],"replies":[{"embeddable":true,"href":"https:\/\/reseau-rouviere.com\/index.php\/wp-json\/wp\/v2\/comments?post=225"}],"version-history":[{"count":17,"href":"https:\/\/reseau-rouviere.com\/index.php\/wp-json\/wp\/v2\/pages\/225\/revisions"}],"predecessor-version":[{"id":560,"href":"https:\/\/reseau-rouviere.com\/index.php\/wp-json\/wp\/v2\/pages\/225\/revisions\/560"}],"wp:attachment":[{"href":"https:\/\/reseau-rouviere.com\/index.php\/wp-json\/wp\/v2\/media?parent=225"}],"curies":[{"name":"wp","href":"https:\/\/api.w.org\/{rel}","templated":true}]}}